{"id":1110,"date":"2014-06-27T12:26:46","date_gmt":"2014-06-27T09:26:46","guid":{"rendered":"http:\/\/malmiairport.fi\/?page_id=1110"},"modified":"2017-05-02T12:19:50","modified_gmt":"2017-05-02T09:19:50","slug":"signatures","status":"publish","type":"page","link":"https:\/\/www.malmiairport.fi\/en\/foma\/petition\/signatures\/","title":{"rendered":"Petition signatures"},"content":{"rendered":"<p><a href=\"http:\/\/malmiairport.fi\/en\/foma\/petition\/\">Please sign here\u00a0\u00bb<\/a><\/p>\n<h4><a title=\"Petition to save Helsinki-Malmi Airport\" href=\"http:\/\/malmiairport.fi\/en\/foma\/petition\/\">Petition to save Helsinki-Malmi Airport<\/a><\/h4>\n<p>41% of the signatures are from Helsinki and 61% from the capital region (Helsinki, Espoo, Vantaa, Kauniainen). About 5% of the signatures are from abroad.<\/p>\n<p><!-- <em>Browsing signatures is not available for privacy reasons.<\/em> --><\/p>\n\r\n                    <!-- signaturelist table -->\r\n                    <div class=\"dk-speakout-signaturelistWrapper\">\r\n                      <div class=\"dk-speakout-signaturelist-header\">Latest signatures<\/div>\r\n                        <table class=\"dk-speakout-signaturelist dk-speakout-signaturelist-1\"><tr class=\"dk-speakout-odd\">\n\t<td class=\"dk-speakout-signaturelist-count\">74,605<\/td>\n\t<td class=\"dk-speakout-signaturelist-name\" >Maija Leinonen<\/td>\n\t<td class=\"dk-speakout-signaturelist-date\">Apr 09, 2026<\/td>\n<\/tr>\n<tr class=\"dk-speakout-even\">\n\t<td class=\"dk-speakout-signaturelist-count\">74,604<\/td>\n\t<td class=\"dk-speakout-signaturelist-name\" >Ahto Dahlqvist<\/td>\n\t<td class=\"dk-speakout-signaturelist-date\">Mar 01, 2026<\/td>\n<\/tr>\n<tr class=\"dk-speakout-odd\">\n\t<td class=\"dk-speakout-signaturelist-count\">74,603<\/td>\n\t<td class=\"dk-speakout-signaturelist-name\" >Martin Yokosawa<\/td>\n\t<td class=\"dk-speakout-signaturelist-date\">Feb 26, 2026<\/td>\n<\/tr>\n<tr class=\"dk-speakout-even\">\n\t<td class=\"dk-speakout-signaturelist-count\">74,602<\/td>\n\t<td class=\"dk-speakout-signaturelist-name\" >Kenneth Eino Yokosawa<\/td>\n\t<td class=\"dk-speakout-signaturelist-date\">Feb 25, 2026<\/td>\n<\/tr>\n<tr class=\"dk-speakout-odd\">\n\t<td class=\"dk-speakout-signaturelist-count\">74,601<\/td>\n\t<td class=\"dk-speakout-signaturelist-name\" >Joanna Maltzeff<\/td>\n\t<td class=\"dk-speakout-signaturelist-date\">Feb 16, 2026<\/td>\n<\/tr>\n<tr class=\"dk-speakout-even\">\n\t<td class=\"dk-speakout-signaturelist-count\">74,600<\/td>\n\t<td class=\"dk-speakout-signaturelist-name\" >Sarah Johansson<\/td>\n\t<td class=\"dk-speakout-signaturelist-date\">Feb 14, 2026<\/td>\n<\/tr>\n<tr class=\"dk-speakout-odd\">\n\t<td class=\"dk-speakout-signaturelist-count\">74,599<\/td>\n\t<td class=\"dk-speakout-signaturelist-name\" >Jaakko R\u00e4\u00e4t\u00e4ri<\/td>\n\t<td class=\"dk-speakout-signaturelist-date\">Jan 25, 2026<\/td>\n<\/tr>\n<tr class=\"dk-speakout-even\">\n\t<td class=\"dk-speakout-signaturelist-count\">74,598<\/td>\n\t<td class=\"dk-speakout-signaturelist-name\" >Kari Karkaus<\/td>\n\t<td class=\"dk-speakout-signaturelist-date\">Jan 16, 2026<\/td>\n<\/tr>\n<tr class=\"dk-speakout-odd\">\n\t<td class=\"dk-speakout-signaturelist-count\">74,597<\/td>\n\t<td class=\"dk-speakout-signaturelist-name\" >Minna Tikka-Lapvetel\u00e4inen<\/td>\n\t<td class=\"dk-speakout-signaturelist-date\">Dec 21, 2025<\/td>\n<\/tr>\n<tr class=\"dk-speakout-even\">\n\t<td class=\"dk-speakout-signaturelist-count\">74,596<\/td>\n\t<td class=\"dk-speakout-signaturelist-name\" >Anneli Pirinen<\/td>\n\t<td class=\"dk-speakout-signaturelist-date\">Oct 17, 2025<\/td>\n<\/tr>\n<tr class=\"dk-speakout-odd\">\n\t<td class=\"dk-speakout-signaturelist-count\">74,595<\/td>\n\t<td class=\"dk-speakout-signaturelist-name\" >Merja Yletyinen<\/td>\n\t<td class=\"dk-speakout-signaturelist-date\">Oct 17, 2025<\/td>\n<\/tr>\n<tr class=\"dk-speakout-even\">\n\t<td class=\"dk-speakout-signaturelist-count\">74,594<\/td>\n\t<td class=\"dk-speakout-signaturelist-name\" >Luka Kaila<\/td>\n\t<td class=\"dk-speakout-signaturelist-date\">Oct 06, 2025<\/td>\n<\/tr>\n<tr class=\"dk-speakout-odd\">\n\t<td class=\"dk-speakout-signaturelist-count\">74,593<\/td>\n\t<td class=\"dk-speakout-signaturelist-name\" >Kasper Raninen<\/td>\n\t<td class=\"dk-speakout-signaturelist-date\">Sep 25, 2025<\/td>\n<\/tr>\n<tr class=\"dk-speakout-even\">\n\t<td class=\"dk-speakout-signaturelist-count\">74,592<\/td>\n\t<td class=\"dk-speakout-signaturelist-name\" >Paul Austero<\/td>\n\t<td class=\"dk-speakout-signaturelist-date\">Aug 08, 2025<\/td>\n<\/tr>\n<tr class=\"dk-speakout-odd\">\n\t<td class=\"dk-speakout-signaturelist-count\">74,591<\/td>\n\t<td class=\"dk-speakout-signaturelist-name\" >Nita Austero<\/td>\n\t<td class=\"dk-speakout-signaturelist-date\">Aug 08, 2025<\/td>\n<\/tr>\n<tr class=\"dk-speakout-even\">\n\t<td class=\"dk-speakout-signaturelist-count\">74,590<\/td>\n\t<td class=\"dk-speakout-signaturelist-name\" >Salla Mertsalo<\/td>\n\t<td class=\"dk-speakout-signaturelist-date\">Aug 01, 2025<\/td>\n<\/tr>\n<tr class=\"dk-speakout-odd\">\n\t<td class=\"dk-speakout-signaturelist-count\">74,589<\/td>\n\t<td class=\"dk-speakout-signaturelist-name\" >Jyri Vesterinen<\/td>\n\t<td class=\"dk-speakout-signaturelist-date\">Jul 17, 2025<\/td>\n<\/tr>\n<tr class=\"dk-speakout-even\">\n\t<td class=\"dk-speakout-signaturelist-count\">74,588<\/td>\n\t<td class=\"dk-speakout-signaturelist-name\" >Nicholas Saarela<\/td>\n\t<td class=\"dk-speakout-signaturelist-date\">Jul 06, 2025<\/td>\n<\/tr>\n<tr class=\"dk-speakout-odd\">\n\t<td class=\"dk-speakout-signaturelist-count\">74,587<\/td>\n\t<td class=\"dk-speakout-signaturelist-name\" >Miika Seppinen<\/td>\n\t<td class=\"dk-speakout-signaturelist-date\">Jul 04, 2025<\/td>\n<\/tr>\n<tr class=\"dk-speakout-even\">\n\t<td class=\"dk-speakout-signaturelist-count\">74,586<\/td>\n\t<td class=\"dk-speakout-signaturelist-name\" >Lisse Tarnanen<\/td>\n\t<td class=\"dk-speakout-signaturelist-date\">Jun 28, 2025<\/td>\n<\/tr>\n<tr class=\"dk-speakout-odd\">\n\t<td class=\"dk-speakout-signaturelist-count\">74,585<\/td>\n\t<td class=\"dk-speakout-signaturelist-name\" >tTarja Kuparinen<\/td>\n\t<td class=\"dk-speakout-signaturelist-date\">Jun 26, 2025<\/td>\n<\/tr>\n<tr class=\"dk-speakout-even\">\n\t<td class=\"dk-speakout-signaturelist-count\">74,584<\/td>\n\t<td class=\"dk-speakout-signaturelist-name\" >Reino Olli<\/td>\n\t<td class=\"dk-speakout-signaturelist-date\">Jun 26, 2025<\/td>\n<\/tr>\n<tr class=\"dk-speakout-odd\">\n\t<td class=\"dk-speakout-signaturelist-count\">74,583<\/td>\n\t<td class=\"dk-speakout-signaturelist-name\" >Pirkko Sotamaa<\/td>\n\t<td class=\"dk-speakout-signaturelist-date\">Jun 25, 2025<\/td>\n<\/tr>\n<tr class=\"dk-speakout-even\">\n\t<td class=\"dk-speakout-signaturelist-count\">74,582<\/td>\n\t<td class=\"dk-speakout-signaturelist-name\" >Sanni Sj\u00f6holm<\/td>\n\t<td class=\"dk-speakout-signaturelist-date\">Jun 24, 2025<\/td>\n<\/tr>\n<tr class=\"dk-speakout-odd\">\n\t<td class=\"dk-speakout-signaturelist-count\">74,581<\/td>\n\t<td class=\"dk-speakout-signaturelist-name\" >Jari Susikorpi<\/td>\n\t<td class=\"dk-speakout-signaturelist-date\">Jun 19, 2025<\/td>\n<\/tr>\n<tr class=\"dk-speakout-even\">\n\t<td class=\"dk-speakout-signaturelist-count\">74,580<\/td>\n\t<td class=\"dk-speakout-signaturelist-name\" >Kari Helistekangas<\/td>\n\t<td class=\"dk-speakout-signaturelist-date\">Jun 18, 2025<\/td>\n<\/tr>\n<tr class=\"dk-speakout-odd\">\n\t<td class=\"dk-speakout-signaturelist-count\">74,579<\/td>\n\t<td class=\"dk-speakout-signaturelist-name\" >Juho Nyman<\/td>\n\t<td class=\"dk-speakout-signaturelist-date\">Jun 14, 2025<\/td>\n<\/tr>\n<tr class=\"dk-speakout-even\">\n\t<td class=\"dk-speakout-signaturelist-count\">74,578<\/td>\n\t<td class=\"dk-speakout-signaturelist-name\" >Mishel Khan<\/td>\n\t<td class=\"dk-speakout-signaturelist-date\">Jun 06, 2025<\/td>\n<\/tr>\n<tr class=\"dk-speakout-odd\">\n\t<td class=\"dk-speakout-signaturelist-count\">74,577<\/td>\n\t<td class=\"dk-speakout-signaturelist-name\" >Viljami Kuisma<\/td>\n\t<td class=\"dk-speakout-signaturelist-date\">May 14, 2025<\/td>\n<\/tr>\n<tr class=\"dk-speakout-even\">\n\t<td class=\"dk-speakout-signaturelist-count\">74,576<\/td>\n\t<td class=\"dk-speakout-signaturelist-name\" >Timo L\u00f6fman<\/td>\n\t<td class=\"dk-speakout-signaturelist-date\">May 12, 2025<\/td>\n<\/tr>\n<tr class=\"dk-speakout-odd\">\n\t<td class=\"dk-speakout-signaturelist-count\">74,575<\/td>\n\t<td class=\"dk-speakout-signaturelist-name\" >Anne Virtanen<\/td>\n\t<td class=\"dk-speakout-signaturelist-date\">May 12, 2025<\/td>\n<\/tr>\n<tr class=\"dk-speakout-even\">\n\t<td class=\"dk-speakout-signaturelist-count\">74,574<\/td>\n\t<td class=\"dk-speakout-signaturelist-name\" >Dina Austero<\/td>\n\t<td class=\"dk-speakout-signaturelist-date\">May 12, 2025<\/td>\n<\/tr>\n<tr class=\"dk-speakout-odd\">\n\t<td class=\"dk-speakout-signaturelist-count\">74,573<\/td>\n\t<td class=\"dk-speakout-signaturelist-name\" >Petri Granstr\u00f6m<\/td>\n\t<td class=\"dk-speakout-signaturelist-date\">May 03, 2025<\/td>\n<\/tr>\n<tr class=\"dk-speakout-even\">\n\t<td class=\"dk-speakout-signaturelist-count\">74,572<\/td>\n\t<td class=\"dk-speakout-signaturelist-name\" >Eero Halmela<\/td>\n\t<td class=\"dk-speakout-signaturelist-date\">Apr 27, 2025<\/td>\n<\/tr>\n<tr class=\"dk-speakout-odd\">\n\t<td class=\"dk-speakout-signaturelist-count\">74,571<\/td>\n\t<td class=\"dk-speakout-signaturelist-name\" >Valtteri Knuutinen<\/td>\n\t<td class=\"dk-speakout-signaturelist-date\">Apr 13, 2025<\/td>\n<\/tr>\n<tr class=\"dk-speakout-even\">\n\t<td class=\"dk-speakout-signaturelist-count\">74,570<\/td>\n\t<td class=\"dk-speakout-signaturelist-name\" >Kati Mykk\u00e4nen<\/td>\n\t<td class=\"dk-speakout-signaturelist-date\">Apr 13, 2025<\/td>\n<\/tr>\n<tr class=\"dk-speakout-odd\">\n\t<td class=\"dk-speakout-signaturelist-count\">74,569<\/td>\n\t<td class=\"dk-speakout-signaturelist-name\" >Eija Nivala<\/td>\n\t<td class=\"dk-speakout-signaturelist-date\">Apr 13, 2025<\/td>\n<\/tr>\n<tr class=\"dk-speakout-even\">\n\t<td class=\"dk-speakout-signaturelist-count\">74,568<\/td>\n\t<td class=\"dk-speakout-signaturelist-name\" >Joonas Plutus<\/td>\n\t<td class=\"dk-speakout-signaturelist-date\">Apr 13, 2025<\/td>\n<\/tr>\n<tr class=\"dk-speakout-odd\">\n\t<td class=\"dk-speakout-signaturelist-count\">74,567<\/td>\n\t<td class=\"dk-speakout-signaturelist-name\" >Clifford Lamb<\/td>\n\t<td class=\"dk-speakout-signaturelist-date\">Apr 12, 2025<\/td>\n<\/tr>\n<tr class=\"dk-speakout-even\">\n\t<td class=\"dk-speakout-signaturelist-count\">74,566<\/td>\n\t<td class=\"dk-speakout-signaturelist-name\" >Seppo Kari<\/td>\n\t<td class=\"dk-speakout-signaturelist-date\">Apr 12, 2025<\/td>\n<\/tr>\n<tr class=\"dk-speakout-odd\">\n\t<td class=\"dk-speakout-signaturelist-count\">74,565<\/td>\n\t<td class=\"dk-speakout-signaturelist-name\" >Harri Hopeamaa<\/td>\n\t<td class=\"dk-speakout-signaturelist-date\">Apr 12, 2025<\/td>\n<\/tr>\n<tr class=\"dk-speakout-even\">\n\t<td class=\"dk-speakout-signaturelist-count\">74,564<\/td>\n\t<td class=\"dk-speakout-signaturelist-name\" >Aleksi Ketola<\/td>\n\t<td class=\"dk-speakout-signaturelist-date\">Apr 11, 2025<\/td>\n<\/tr>\n<tr class=\"dk-speakout-odd\">\n\t<td class=\"dk-speakout-signaturelist-count\">74,563<\/td>\n\t<td class=\"dk-speakout-signaturelist-name\" >Vitali Kaufman<\/td>\n\t<td class=\"dk-speakout-signaturelist-date\">Apr 11, 2025<\/td>\n<\/tr>\n<tr class=\"dk-speakout-even\">\n\t<td class=\"dk-speakout-signaturelist-count\">74,562<\/td>\n\t<td class=\"dk-speakout-signaturelist-name\" >Pirkko Pitk\u00e4nen<\/td>\n\t<td class=\"dk-speakout-signaturelist-date\">Apr 10, 2025<\/td>\n<\/tr>\n<tr class=\"dk-speakout-odd\">\n\t<td class=\"dk-speakout-signaturelist-count\">74,561<\/td>\n\t<td class=\"dk-speakout-signaturelist-name\" >Risto Kontturi<\/td>\n\t<td class=\"dk-speakout-signaturelist-date\">Apr 09, 2025<\/td>\n<\/tr>\n<tr class=\"dk-speakout-even\">\n\t<td class=\"dk-speakout-signaturelist-count\">74,560<\/td>\n\t<td class=\"dk-speakout-signaturelist-name\" >Martti Puuper\u00e4<\/td>\n\t<td class=\"dk-speakout-signaturelist-date\">Apr 08, 2025<\/td>\n<\/tr>\n<tr class=\"dk-speakout-odd\">\n\t<td class=\"dk-speakout-signaturelist-count\">74,559<\/td>\n\t<td class=\"dk-speakout-signaturelist-name\" >Riikka H\u00e4nninen<\/td>\n\t<td class=\"dk-speakout-signaturelist-date\">Apr 08, 2025<\/td>\n<\/tr>\n<tr class=\"dk-speakout-even\">\n\t<td class=\"dk-speakout-signaturelist-count\">74,558<\/td>\n\t<td class=\"dk-speakout-signaturelist-name\" >Daniel Vorojeikin<\/td>\n\t<td class=\"dk-speakout-signaturelist-date\">Apr 07, 2025<\/td>\n<\/tr>\n<tr class=\"dk-speakout-odd\">\n\t<td class=\"dk-speakout-signaturelist-count\">74,557<\/td>\n\t<td class=\"dk-speakout-signaturelist-name\" >Jani Malmberg<\/td>\n\t<td class=\"dk-speakout-signaturelist-date\">Apr 06, 2025<\/td>\n<\/tr>\n<tr class=\"dk-speakout-even\">\n\t<td class=\"dk-speakout-signaturelist-count\">74,556<\/td>\n\t<td class=\"dk-speakout-signaturelist-name\" >Kirsti Honkavaara<\/td>\n\t<td class=\"dk-speakout-signaturelist-date\">Apr 05, 2025<\/td>\n<\/tr>\n\r\n    \t\t\t\t\t<tr class=\"dk-speakout-signaturelist-pagelinks\">\r\n    \t\t\t\t\t\t<td colspan=\"4\">\r\n    \t\t\t\t\t\t    <a class=\"dk-speakout-signaturelist-first dk-speakout-signaturelist-disabled\" rel=\"1,74605,50,74605,0,3\">&lt;&lt;<\/a>\r\n    \t\t\t\t\t\t\t<a class=\"dk-speakout-signaturelist-prev dk-speakout-signaturelist-disabled\" rel=\"1,74605,50,74605,0,3\">&lt;<\/a>\r\n    \t\t\t\t\t\t\t<a class=\"dk-speakout-signaturelist-next\" rel=\"1,50,50,74605,1,3,\">&gt;<\/a>\r\n    \t\t\t\t\t\t\t<a class=\"dk-speakout-signaturelist-last\" rel=\"1,74555,50,74605,1,3,\">&gt;&gt;<\/a>\r\n    \t\t\t\t\t\t<\/td>\r\n    \t\t\t\t\t<\/tr>\r\n    \t\t\t\t\t<\/table>\r\n                    <\/div>\n","protected":false},"excerpt":{"rendered":"<p>Please sign here\u00a0\u00bb Petition to save Helsinki-Malmi Airport 41% of the signatures are from Helsinki and 61% from the capital region (Helsinki, Espoo, Vantaa, Kauniainen). About 5% of the signatures are from abroad.<\/p>\n","protected":false},"author":4,"featured_media":0,"parent":336,"menu_order":0,"comment_status":"closed","ping_status":"open","template":"","meta":{"_monsterinsights_skip_tracking":false,"_monsterinsights_sitenote_active":false,"_monsterinsights_sitenote_note":"","_monsterinsights_sitenote_category":0,"footnotes":""},"class_list":["post-1110","page","type-page","status-publish","hentry"],"yoast_head":"<!-- This site is optimized with the Yoast SEO plugin v27.4 - https:\/\/yoast.com\/product\/yoast-seo-wordpress\/ -->\n<title>Petition signatures - Helsinki-Malmi Airport<\/title>\n<meta name=\"robots\" content=\"index, follow, max-snippet:-1, max-image-preview:large, max-video-preview:-1\" \/>\n<link rel=\"canonical\" href=\"https:\/\/www.malmiairport.fi\/en\/foma\/petition\/signatures\/\" \/>\n<meta property=\"og:locale\" content=\"en_US\" \/>\n<meta property=\"og:type\" content=\"article\" \/>\n<meta property=\"og:title\" content=\"Petition signatures - Helsinki-Malmi Airport\" \/>\n<meta property=\"og:description\" content=\"Please sign here\u00a0\u00bb Petition to save Helsinki-Malmi Airport 41% of the signatures are from Helsinki and 61% from the capital region (Helsinki, Espoo, Vantaa, Kauniainen). About 5% of the signatures are from abroad.\" \/>\n<meta property=\"og:url\" content=\"https:\/\/www.malmiairport.fi\/en\/foma\/petition\/signatures\/\" \/>\n<meta property=\"og:site_name\" content=\"Helsinki-Malmi Airport\" \/>\n<meta property=\"article:publisher\" content=\"https:\/\/www.facebook.com\/groups\/18645317752\" \/>\n<meta property=\"article:modified_time\" content=\"2017-05-02T09:19:50+00:00\" \/>\n<meta name=\"twitter:card\" content=\"summary_large_image\" \/>\n<meta name=\"twitter:site\" content=\"@mly_ry\" \/>\n<script type=\"application\/ld+json\" class=\"yoast-schema-graph\">{\"@context\":\"https:\\\/\\\/schema.org\",\"@graph\":[{\"@type\":\"WebPage\",\"@id\":\"https:\\\/\\\/www.malmiairport.fi\\\/en\\\/foma\\\/petition\\\/signatures\\\/\",\"url\":\"https:\\\/\\\/www.malmiairport.fi\\\/en\\\/foma\\\/petition\\\/signatures\\\/\",\"name\":\"Petition signatures - Helsinki-Malmi Airport\",\"isPartOf\":{\"@id\":\"https:\\\/\\\/www.malmiairport.fi\\\/en\\\/#website\"},\"datePublished\":\"2014-06-27T09:26:46+00:00\",\"dateModified\":\"2017-05-02T09:19:50+00:00\",\"breadcrumb\":{\"@id\":\"https:\\\/\\\/www.malmiairport.fi\\\/en\\\/foma\\\/petition\\\/signatures\\\/#breadcrumb\"},\"inLanguage\":\"en-US\",\"potentialAction\":[{\"@type\":\"ReadAction\",\"target\":[\"https:\\\/\\\/www.malmiairport.fi\\\/en\\\/foma\\\/petition\\\/signatures\\\/\"]}]},{\"@type\":\"BreadcrumbList\",\"@id\":\"https:\\\/\\\/www.malmiairport.fi\\\/en\\\/foma\\\/petition\\\/signatures\\\/#breadcrumb\",\"itemListElement\":[{\"@type\":\"ListItem\",\"position\":1,\"name\":\"Etusivu\",\"item\":\"https:\\\/\\\/www.malmiairport.fi\\\/en\\\/\"},{\"@type\":\"ListItem\",\"position\":2,\"name\":\"FoMA\",\"item\":\"https:\\\/\\\/www.malmiairport.fi\\\/en\\\/foma\\\/\"},{\"@type\":\"ListItem\",\"position\":3,\"name\":\"Petition to save Helsinki-Malmi Airport\",\"item\":\"https:\\\/\\\/www.malmiairport.fi\\\/en\\\/foma\\\/petition\\\/\"},{\"@type\":\"ListItem\",\"position\":4,\"name\":\"Petition signatures\"}]},{\"@type\":\"WebSite\",\"@id\":\"https:\\\/\\\/www.malmiairport.fi\\\/en\\\/#website\",\"url\":\"https:\\\/\\\/www.malmiairport.fi\\\/en\\\/\",\"name\":\"Helsinki-Malmi Airport\",\"description\":\"\",\"publisher\":{\"@id\":\"https:\\\/\\\/www.malmiairport.fi\\\/en\\\/#organization\"},\"potentialAction\":[{\"@type\":\"SearchAction\",\"target\":{\"@type\":\"EntryPoint\",\"urlTemplate\":\"https:\\\/\\\/www.malmiairport.fi\\\/en\\\/?s={search_term_string}\"},\"query-input\":{\"@type\":\"PropertyValueSpecification\",\"valueRequired\":true,\"valueName\":\"search_term_string\"}}],\"inLanguage\":\"en-US\"},{\"@type\":\"Organization\",\"@id\":\"https:\\\/\\\/www.malmiairport.fi\\\/en\\\/#organization\",\"name\":\"Helsinki-Malmi Airport\",\"url\":\"https:\\\/\\\/www.malmiairport.fi\\\/en\\\/\",\"logo\":{\"@type\":\"ImageObject\",\"inLanguage\":\"en-US\",\"@id\":\"https:\\\/\\\/www.malmiairport.fi\\\/en\\\/#\\\/schema\\\/logo\\\/image\\\/\",\"url\":\"https:\\\/\\\/www.malmiairport.fi\\\/wp-content\\\/uploads\\\/2023\\\/05\\\/cropped-transparent_150x150-1-2.png\",\"contentUrl\":\"https:\\\/\\\/www.malmiairport.fi\\\/wp-content\\\/uploads\\\/2023\\\/05\\\/cropped-transparent_150x150-1-2.png\",\"width\":150,\"height\":150,\"caption\":\"Helsinki-Malmi Airport\"},\"image\":{\"@id\":\"https:\\\/\\\/www.malmiairport.fi\\\/en\\\/#\\\/schema\\\/logo\\\/image\\\/\"},\"sameAs\":[\"https:\\\/\\\/www.facebook.com\\\/groups\\\/18645317752\",\"https:\\\/\\\/x.com\\\/mly_ry\"]}]}<\/script>\n<!-- \/ Yoast SEO plugin. -->","yoast_head_json":{"title":"Petition signatures - Helsinki-Malmi Airport","robots":{"index":"index","follow":"follow","max-snippet":"max-snippet:-1","max-image-preview":"max-image-preview:large","max-video-preview":"max-video-preview:-1"},"canonical":"https:\/\/www.malmiairport.fi\/en\/foma\/petition\/signatures\/","og_locale":"en_US","og_type":"article","og_title":"Petition signatures - Helsinki-Malmi Airport","og_description":"Please sign here\u00a0\u00bb Petition to save Helsinki-Malmi Airport 41% of the signatures are from Helsinki and 61% from the capital region (Helsinki, Espoo, Vantaa, Kauniainen). About 5% of the signatures are from abroad.","og_url":"https:\/\/www.malmiairport.fi\/en\/foma\/petition\/signatures\/","og_site_name":"Helsinki-Malmi Airport","article_publisher":"https:\/\/www.facebook.com\/groups\/18645317752","article_modified_time":"2017-05-02T09:19:50+00:00","twitter_card":"summary_large_image","twitter_site":"@mly_ry","schema":{"@context":"https:\/\/schema.org","@graph":[{"@type":"WebPage","@id":"https:\/\/www.malmiairport.fi\/en\/foma\/petition\/signatures\/","url":"https:\/\/www.malmiairport.fi\/en\/foma\/petition\/signatures\/","name":"Petition signatures - Helsinki-Malmi Airport","isPartOf":{"@id":"https:\/\/www.malmiairport.fi\/en\/#website"},"datePublished":"2014-06-27T09:26:46+00:00","dateModified":"2017-05-02T09:19:50+00:00","breadcrumb":{"@id":"https:\/\/www.malmiairport.fi\/en\/foma\/petition\/signatures\/#breadcrumb"},"inLanguage":"en-US","potentialAction":[{"@type":"ReadAction","target":["https:\/\/www.malmiairport.fi\/en\/foma\/petition\/signatures\/"]}]},{"@type":"BreadcrumbList","@id":"https:\/\/www.malmiairport.fi\/en\/foma\/petition\/signatures\/#breadcrumb","itemListElement":[{"@type":"ListItem","position":1,"name":"Etusivu","item":"https:\/\/www.malmiairport.fi\/en\/"},{"@type":"ListItem","position":2,"name":"FoMA","item":"https:\/\/www.malmiairport.fi\/en\/foma\/"},{"@type":"ListItem","position":3,"name":"Petition to save Helsinki-Malmi Airport","item":"https:\/\/www.malmiairport.fi\/en\/foma\/petition\/"},{"@type":"ListItem","position":4,"name":"Petition signatures"}]},{"@type":"WebSite","@id":"https:\/\/www.malmiairport.fi\/en\/#website","url":"https:\/\/www.malmiairport.fi\/en\/","name":"Helsinki-Malmi Airport","description":"","publisher":{"@id":"https:\/\/www.malmiairport.fi\/en\/#organization"},"potentialAction":[{"@type":"SearchAction","target":{"@type":"EntryPoint","urlTemplate":"https:\/\/www.malmiairport.fi\/en\/?s={search_term_string}"},"query-input":{"@type":"PropertyValueSpecification","valueRequired":true,"valueName":"search_term_string"}}],"inLanguage":"en-US"},{"@type":"Organization","@id":"https:\/\/www.malmiairport.fi\/en\/#organization","name":"Helsinki-Malmi Airport","url":"https:\/\/www.malmiairport.fi\/en\/","logo":{"@type":"ImageObject","inLanguage":"en-US","@id":"https:\/\/www.malmiairport.fi\/en\/#\/schema\/logo\/image\/","url":"https:\/\/www.malmiairport.fi\/wp-content\/uploads\/2023\/05\/cropped-transparent_150x150-1-2.png","contentUrl":"https:\/\/www.malmiairport.fi\/wp-content\/uploads\/2023\/05\/cropped-transparent_150x150-1-2.png","width":150,"height":150,"caption":"Helsinki-Malmi Airport"},"image":{"@id":"https:\/\/www.malmiairport.fi\/en\/#\/schema\/logo\/image\/"},"sameAs":["https:\/\/www.facebook.com\/groups\/18645317752","https:\/\/x.com\/mly_ry"]}]}},"_links":{"self":[{"href":"https:\/\/www.malmiairport.fi\/en\/wp-json\/wp\/v2\/pages\/1110","targetHints":{"allow":["GET"]}}],"collection":[{"href":"https:\/\/www.malmiairport.fi\/en\/wp-json\/wp\/v2\/pages"}],"about":[{"href":"https:\/\/www.malmiairport.fi\/en\/wp-json\/wp\/v2\/types\/page"}],"author":[{"embeddable":true,"href":"https:\/\/www.malmiairport.fi\/en\/wp-json\/wp\/v2\/users\/4"}],"replies":[{"embeddable":true,"href":"https:\/\/www.malmiairport.fi\/en\/wp-json\/wp\/v2\/comments?post=1110"}],"version-history":[{"count":0,"href":"https:\/\/www.malmiairport.fi\/en\/wp-json\/wp\/v2\/pages\/1110\/revisions"}],"up":[{"embeddable":true,"href":"https:\/\/www.malmiairport.fi\/en\/wp-json\/wp\/v2\/pages\/336"}],"wp:attachment":[{"href":"https:\/\/www.malmiairport.fi\/en\/wp-json\/wp\/v2\/media?parent=1110"}],"curies":[{"name":"wp","href":"https:\/\/api.w.org\/{rel}","templated":true}]}}