{"id":324,"date":"2014-05-22T18:23:10","date_gmt":"2014-05-22T15:23:10","guid":{"rendered":"http:\/\/malmiairport.fi\/?page_id=324"},"modified":"2023-04-27T01:47:43","modified_gmt":"2023-04-26T22:47:43","slug":"videos","status":"publish","type":"page","link":"https:\/\/www.malmiairport.fi\/en\/vistas\/videos\/","title":{"rendered":"Videos"},"content":{"rendered":"<div class=\"embed-vimeo \">\n<div class=\"video-wrapper\"><iframe loading=\"lazy\" src=\"https:\/\/www.youtube.com\/embed\/tLC5F0VHqBI\" width=\"300\" height=\"150\" allowfullscreen=\"allowfullscreen\"><\/iframe><\/div>\n<\/div>\n<p align=\"right\"><em>EFHF &#8211; the School of Professional Pilots (subtitles in English) <\/em> \u00a9 Ari Katajam\u00e4ki<\/p>\n<div class=\"embed-vimeo \">\n<div class=\"video-wrapper\"><iframe loading=\"lazy\" src=\"https:\/\/youtube.com\/embed\/ppfHqw2ak_M\" width=\"300\" height=\"150\" allowfullscreen=\"allowfullscreen\"><\/iframe><\/div>\n<\/div>\n<p align=\"right\"><em>Announcement of Europe&#8217;s 7 Most Endangered Sites 2016<\/em> \u00a9 Europa Nostra<\/p>\n<div class=\"embed-vimeo \">\n<div class=\"video-wrapper\"><iframe loading=\"lazy\" src=\"https:\/\/youtube.com\/embed\/noxup8rVhKE\" width=\"300\" height=\"150\" allowfullscreen=\"allowfullscreen\"><\/iframe><\/div>\n<\/div>\n<p align=\"right\"><em>Save Malmi Airport<\/em> \u00a9 Lumi Films<\/p>\n<div class=\"embed-vimeo \">\n<div class=\"video-wrapper\"><iframe loading=\"lazy\" src=\"https:\/\/www.youtube.com\/embed\/ytaCH19R1cY\" width=\"300\" height=\"150\" frameborder=\"0\" allowfullscreen=\"allowfullscreen\"><\/iframe><\/div>\n<\/div>\n<p align=\"right\"><em>Fight &#8211; for Malmi Airport&nbsp;<\/em>(subtitles in English) \u00a9 Hiski H\u00e4m\u00e4l\u00e4inen<\/p>\n<div class=\"embed-vimeo \">\n<div class=\"video-wrapper\"><iframe loading=\"lazy\" src=\"https:\/\/www.youtube.com\/embed\/Uu6Gjy-BvDI\" width=\"300\" height=\"150\" allowfullscreen=\"allowfullscreen\"><\/iframe><\/div>\n<\/div>\n<p align=\"right\"><em>Capital region building land review, May 2015<\/em> (subtitles in English) \u00a9 Pekka Kaipainen<\/p>\n<div class=\"embed-vimeo \">\n<div class=\"video-wrapper\"><iframe loading=\"lazy\" src=\"https:\/\/www.youtube.com\/embed\/l7TuCyKEw4c\" width=\"300\" height=\"150\" allowfullscreen=\"allowfullscreen\"><\/iframe><\/div>\n<\/div>\n<p align=\"right\"><em>Greetings from overseas: Breezer Aircraft GmbH at Malmi Airport, June 2015<\/em><br \/>\n\u00a9 Sirpa Rikkinen &amp; Maria-Pelagia Keurulainen<\/p>\n<div class=\"embed-vimeo \">\n<div class=\"video-wrapper\"><iframe loading=\"lazy\" src=\"\/\/player.vimeo.com\/video\/83535748?title=0&amp;byline=0&amp;portrait=0\" name=\"_efhf\" width=\"300\" height=\"150\" allowfullscreen=\"allowfullscreen\"><\/iframe><\/div>\n<\/div>\n<p align=\"right\"><a href=\"https:\/\/web.archive.org\/web\/20221207042409\/http:\/\/www.kolumbus.fi\/sampokiviniemi\/Helsinki-Malmi\/index.html\">\u00a9 Sampo Kiviniemi<\/a><\/p>\n<div class=\"embed-vimeo \">\n<div class=\"video-wrapper\"><iframe loading=\"lazy\" src=\"https:\/\/player.vimeo.com\/video\/123133161\" width=\"300\" height=\"150\" allowfullscreen=\"allowfullscreen\"><\/iframe><\/div>\n<\/div>\n<p align=\"right\"><a href=\"https:\/\/web.archive.org\/web\/20221207042409\/http:\/\/www.kolumbus.fi\/sampokiviniemi\/Helsinki-Malmi\/index.html\"><em>Malmi Airport &#8211; Summer Time<\/em> \u00a9 Sampo Kiviniemi<\/a><\/p>\n<div class=\"embed-vimeo \">\n<div class=\"video-wrapper\"><iframe loading=\"lazy\" src=\"https:\/\/player.vimeo.com\/video\/123440469\" width=\"300\" height=\"150\" allowfullscreen=\"allowfullscreen\"><\/iframe><\/div>\n<\/div>\n<p align=\"right\"><a href=\"https:\/\/web.archive.org\/web\/20221207042409\/http:\/\/www.kolumbus.fi\/sampokiviniemi\/Helsinki-Malmi\/index.html\"><em>Malmi Airport &#8211; Night Time<\/em> \u00a9 Sampo Kiviniemi<\/a><\/p>\n<div class=\"embed-vimeo \">\n<div class=\"video-wrapper\"><iframe loading=\"lazy\" src=\"https:\/\/www.youtube.com\/embed\/iYX1tCWwsqw\" width=\"300\" height=\"150\" frameborder=\"0\" allowfullscreen=\"allowfullscreen\"><\/iframe><\/div>\n<\/div>\n<p align=\"right\"><em>A look at the &#8220;shortage&#8221; of building land&nbsp;in Helsinki region<\/em> \u00a9 Kai R. Lehtonen<\/p>\n<div class=\"embed-vimeo \">\n<div class=\"video-wrapper\"><iframe loading=\"lazy\" src=\"https:\/\/www.youtube.com\/embed\/MFyWE6tKm6k\" width=\"300\" height=\"150\" frameborder=\"0\" allowfullscreen=\"allowfullscreen\"><\/iframe><\/div>\n<\/div>\n<p align=\"right\"><em>Welcome to Helsinki and EFHF&nbsp;<\/em>\u00a9 Kai R. Lehtonen<\/p>\n<div class=\"embed-vimeo \">\n<div class=\"video-wrapper\"><iframe loading=\"lazy\" src=\"https:\/\/www.youtube.com\/embed\/xXGxulJtp9M\" width=\"300\" height=\"150\" frameborder=\"0\" allowfullscreen=\"allowfullscreen\"><\/iframe><\/div>\n<\/div>\n<p align=\"right\"><em>Air Show at Helsinki-Malmi City Airport, 9 May 1988&nbsp;<\/em>\u00a9 Kai R. Lehtonen<\/p>\n<div class=\"embed-vimeo \">\n<div class=\"video-wrapper\"><iframe loading=\"lazy\" src=\"https:\/\/www.youtube.com\/embed\/7ZRELPE6-tA\" width=\"300\" height=\"150\" frameborder=\"0\" allowfullscreen=\"allowfullscreen\"><\/iframe><\/div>\n<\/div>\n<p align=\"right\"><em>A Happy Flight Malmi-Tampere-Malmi&nbsp;<\/em>\u00a9 Kai R. Lehtonen<\/p>\n<div class=\"embed-vimeo \">\n<div class=\"video-wrapper\"><iframe loading=\"lazy\" src=\"https:\/\/www.youtube.com\/embed\/qy2caTNNUDc\" width=\"300\" height=\"150\" frameborder=\"0\" allowfullscreen=\"allowfullscreen\"><\/iframe><\/div>\n<\/div>\n<p align=\"right\"><em>Flights on vintage Ju-52 and DC-3 airliners&nbsp;<\/em>\u00a9 Kai R. Lehtonen<\/p>\n<div class=\"embed-vimeo \">\n<div class=\"video-wrapper\"><iframe loading=\"lazy\" src=\"https:\/\/www.youtube.com\/embed\/ZVc0h13Nexk\" width=\"300\" height=\"150\" frameborder=\"0\" allowfullscreen=\"allowfullscreen\"><\/iframe><\/div>\n<\/div>\n<p align=\"right\"><em>Flight ops at Malmi 1968-1969&nbsp;(in Finnish)<\/em> \u00a9 Kai R. Lehtonen<\/p>\n","protected":false},"excerpt":{"rendered":"<p>EFHF &#8211; the School of Professional Pilots (subtitles in English) \u00a9 Ari Katajam\u00e4ki Announcement of Europe&#8217;s 7 Most Endangered Sites 2016 \u00a9 Europa Nostra Save Malmi Airport \u00a9 Lumi Films Fight &#8211; for Malmi Airport&nbsp;(subtitles in English) \u00a9 Hiski H\u00e4m\u00e4l\u00e4inen Capital region building land review, May 2015 (subtitles in English) \u00a9 Pekka Kaipainen Greetings from [&hellip;]<\/p>\n","protected":false},"author":4,"featured_media":0,"parent":320,"menu_order":6,"comment_status":"closed","ping_status":"open","template":"","meta":{"_monsterinsights_skip_tracking":false,"_monsterinsights_sitenote_active":false,"_monsterinsights_sitenote_note":"","_monsterinsights_sitenote_category":0,"footnotes":""},"class_list":["post-324","page","type-page","status-publish","hentry"],"yoast_head":"<!-- This site is optimized with the Yoast SEO plugin v27.4 - https:\/\/yoast.com\/product\/yoast-seo-wordpress\/ -->\n<title>Videos - Helsinki-Malmi Airport<\/title>\n<meta name=\"robots\" content=\"index, follow, max-snippet:-1, max-image-preview:large, max-video-preview:-1\" \/>\n<link rel=\"canonical\" href=\"https:\/\/www.malmiairport.fi\/en\/vistas\/videos\/\" \/>\n<meta property=\"og:locale\" content=\"en_US\" \/>\n<meta property=\"og:type\" content=\"article\" \/>\n<meta property=\"og:title\" content=\"Videos - Helsinki-Malmi Airport\" \/>\n<meta property=\"og:description\" content=\"EFHF &#8211; the School of Professional Pilots (subtitles in English) \u00a9 Ari Katajam\u00e4ki Announcement of Europe&#8217;s 7 Most Endangered Sites 2016 \u00a9 Europa Nostra Save Malmi Airport \u00a9 Lumi Films Fight &#8211; for Malmi Airport&nbsp;(subtitles in English) \u00a9 Hiski H\u00e4m\u00e4l\u00e4inen Capital region building land review, May 2015 (subtitles in English) \u00a9 Pekka Kaipainen Greetings from [&hellip;]\" \/>\n<meta property=\"og:url\" content=\"https:\/\/www.malmiairport.fi\/en\/vistas\/videos\/\" \/>\n<meta property=\"og:site_name\" content=\"Helsinki-Malmi Airport\" \/>\n<meta property=\"article:publisher\" content=\"https:\/\/www.facebook.com\/groups\/18645317752\" \/>\n<meta property=\"article:modified_time\" content=\"2023-04-26T22:47:43+00:00\" \/>\n<meta name=\"twitter:card\" content=\"summary_large_image\" \/>\n<meta name=\"twitter:site\" content=\"@mly_ry\" \/>\n<meta name=\"twitter:label1\" content=\"Est. reading time\" \/>\n\t<meta name=\"twitter:data1\" content=\"1 minute\" \/>\n<script type=\"application\/ld+json\" class=\"yoast-schema-graph\">{\"@context\":\"https:\\\/\\\/schema.org\",\"@graph\":[{\"@type\":\"WebPage\",\"@id\":\"https:\\\/\\\/www.malmiairport.fi\\\/en\\\/vistas\\\/videos\\\/\",\"url\":\"https:\\\/\\\/www.malmiairport.fi\\\/en\\\/vistas\\\/videos\\\/\",\"name\":\"Videos - Helsinki-Malmi Airport\",\"isPartOf\":{\"@id\":\"https:\\\/\\\/www.malmiairport.fi\\\/en\\\/#website\"},\"datePublished\":\"2014-05-22T15:23:10+00:00\",\"dateModified\":\"2023-04-26T22:47:43+00:00\",\"breadcrumb\":{\"@id\":\"https:\\\/\\\/www.malmiairport.fi\\\/en\\\/vistas\\\/videos\\\/#breadcrumb\"},\"inLanguage\":\"en-US\",\"potentialAction\":[{\"@type\":\"ReadAction\",\"target\":[\"https:\\\/\\\/www.malmiairport.fi\\\/en\\\/vistas\\\/videos\\\/\"]}]},{\"@type\":\"BreadcrumbList\",\"@id\":\"https:\\\/\\\/www.malmiairport.fi\\\/en\\\/vistas\\\/videos\\\/#breadcrumb\",\"itemListElement\":[{\"@type\":\"ListItem\",\"position\":1,\"name\":\"Etusivu\",\"item\":\"https:\\\/\\\/www.malmiairport.fi\\\/en\\\/\"},{\"@type\":\"ListItem\",\"position\":2,\"name\":\"Vistas\",\"item\":\"https:\\\/\\\/www.malmiairport.fi\\\/en\\\/vistas\\\/\"},{\"@type\":\"ListItem\",\"position\":3,\"name\":\"Videos\"}]},{\"@type\":\"WebSite\",\"@id\":\"https:\\\/\\\/www.malmiairport.fi\\\/en\\\/#website\",\"url\":\"https:\\\/\\\/www.malmiairport.fi\\\/en\\\/\",\"name\":\"Helsinki-Malmi Airport\",\"description\":\"\",\"publisher\":{\"@id\":\"https:\\\/\\\/www.malmiairport.fi\\\/en\\\/#organization\"},\"potentialAction\":[{\"@type\":\"SearchAction\",\"target\":{\"@type\":\"EntryPoint\",\"urlTemplate\":\"https:\\\/\\\/www.malmiairport.fi\\\/en\\\/?s={search_term_string}\"},\"query-input\":{\"@type\":\"PropertyValueSpecification\",\"valueRequired\":true,\"valueName\":\"search_term_string\"}}],\"inLanguage\":\"en-US\"},{\"@type\":\"Organization\",\"@id\":\"https:\\\/\\\/www.malmiairport.fi\\\/en\\\/#organization\",\"name\":\"Helsinki-Malmi Airport\",\"url\":\"https:\\\/\\\/www.malmiairport.fi\\\/en\\\/\",\"logo\":{\"@type\":\"ImageObject\",\"inLanguage\":\"en-US\",\"@id\":\"https:\\\/\\\/www.malmiairport.fi\\\/en\\\/#\\\/schema\\\/logo\\\/image\\\/\",\"url\":\"https:\\\/\\\/www.malmiairport.fi\\\/wp-content\\\/uploads\\\/2023\\\/05\\\/cropped-transparent_150x150-1-2.png\",\"contentUrl\":\"https:\\\/\\\/www.malmiairport.fi\\\/wp-content\\\/uploads\\\/2023\\\/05\\\/cropped-transparent_150x150-1-2.png\",\"width\":150,\"height\":150,\"caption\":\"Helsinki-Malmi Airport\"},\"image\":{\"@id\":\"https:\\\/\\\/www.malmiairport.fi\\\/en\\\/#\\\/schema\\\/logo\\\/image\\\/\"},\"sameAs\":[\"https:\\\/\\\/www.facebook.com\\\/groups\\\/18645317752\",\"https:\\\/\\\/x.com\\\/mly_ry\"]}]}<\/script>\n<!-- \/ Yoast SEO plugin. -->","yoast_head_json":{"title":"Videos - Helsinki-Malmi Airport","robots":{"index":"index","follow":"follow","max-snippet":"max-snippet:-1","max-image-preview":"max-image-preview:large","max-video-preview":"max-video-preview:-1"},"canonical":"https:\/\/www.malmiairport.fi\/en\/vistas\/videos\/","og_locale":"en_US","og_type":"article","og_title":"Videos - Helsinki-Malmi Airport","og_description":"EFHF &#8211; the School of Professional Pilots (subtitles in English) \u00a9 Ari Katajam\u00e4ki Announcement of Europe&#8217;s 7 Most Endangered Sites 2016 \u00a9 Europa Nostra Save Malmi Airport \u00a9 Lumi Films Fight &#8211; for Malmi Airport&nbsp;(subtitles in English) \u00a9 Hiski H\u00e4m\u00e4l\u00e4inen Capital region building land review, May 2015 (subtitles in English) \u00a9 Pekka Kaipainen Greetings from [&hellip;]","og_url":"https:\/\/www.malmiairport.fi\/en\/vistas\/videos\/","og_site_name":"Helsinki-Malmi Airport","article_publisher":"https:\/\/www.facebook.com\/groups\/18645317752","article_modified_time":"2023-04-26T22:47:43+00:00","twitter_card":"summary_large_image","twitter_site":"@mly_ry","twitter_misc":{"Est. reading time":"1 minute"},"schema":{"@context":"https:\/\/schema.org","@graph":[{"@type":"WebPage","@id":"https:\/\/www.malmiairport.fi\/en\/vistas\/videos\/","url":"https:\/\/www.malmiairport.fi\/en\/vistas\/videos\/","name":"Videos - Helsinki-Malmi Airport","isPartOf":{"@id":"https:\/\/www.malmiairport.fi\/en\/#website"},"datePublished":"2014-05-22T15:23:10+00:00","dateModified":"2023-04-26T22:47:43+00:00","breadcrumb":{"@id":"https:\/\/www.malmiairport.fi\/en\/vistas\/videos\/#breadcrumb"},"inLanguage":"en-US","potentialAction":[{"@type":"ReadAction","target":["https:\/\/www.malmiairport.fi\/en\/vistas\/videos\/"]}]},{"@type":"BreadcrumbList","@id":"https:\/\/www.malmiairport.fi\/en\/vistas\/videos\/#breadcrumb","itemListElement":[{"@type":"ListItem","position":1,"name":"Etusivu","item":"https:\/\/www.malmiairport.fi\/en\/"},{"@type":"ListItem","position":2,"name":"Vistas","item":"https:\/\/www.malmiairport.fi\/en\/vistas\/"},{"@type":"ListItem","position":3,"name":"Videos"}]},{"@type":"WebSite","@id":"https:\/\/www.malmiairport.fi\/en\/#website","url":"https:\/\/www.malmiairport.fi\/en\/","name":"Helsinki-Malmi Airport","description":"","publisher":{"@id":"https:\/\/www.malmiairport.fi\/en\/#organization"},"potentialAction":[{"@type":"SearchAction","target":{"@type":"EntryPoint","urlTemplate":"https:\/\/www.malmiairport.fi\/en\/?s={search_term_string}"},"query-input":{"@type":"PropertyValueSpecification","valueRequired":true,"valueName":"search_term_string"}}],"inLanguage":"en-US"},{"@type":"Organization","@id":"https:\/\/www.malmiairport.fi\/en\/#organization","name":"Helsinki-Malmi Airport","url":"https:\/\/www.malmiairport.fi\/en\/","logo":{"@type":"ImageObject","inLanguage":"en-US","@id":"https:\/\/www.malmiairport.fi\/en\/#\/schema\/logo\/image\/","url":"https:\/\/www.malmiairport.fi\/wp-content\/uploads\/2023\/05\/cropped-transparent_150x150-1-2.png","contentUrl":"https:\/\/www.malmiairport.fi\/wp-content\/uploads\/2023\/05\/cropped-transparent_150x150-1-2.png","width":150,"height":150,"caption":"Helsinki-Malmi Airport"},"image":{"@id":"https:\/\/www.malmiairport.fi\/en\/#\/schema\/logo\/image\/"},"sameAs":["https:\/\/www.facebook.com\/groups\/18645317752","https:\/\/x.com\/mly_ry"]}]}},"_links":{"self":[{"href":"https:\/\/www.malmiairport.fi\/en\/wp-json\/wp\/v2\/pages\/324","targetHints":{"allow":["GET"]}}],"collection":[{"href":"https:\/\/www.malmiairport.fi\/en\/wp-json\/wp\/v2\/pages"}],"about":[{"href":"https:\/\/www.malmiairport.fi\/en\/wp-json\/wp\/v2\/types\/page"}],"author":[{"embeddable":true,"href":"https:\/\/www.malmiairport.fi\/en\/wp-json\/wp\/v2\/users\/4"}],"replies":[{"embeddable":true,"href":"https:\/\/www.malmiairport.fi\/en\/wp-json\/wp\/v2\/comments?post=324"}],"version-history":[{"count":1,"href":"https:\/\/www.malmiairport.fi\/en\/wp-json\/wp\/v2\/pages\/324\/revisions"}],"predecessor-version":[{"id":9163,"href":"https:\/\/www.malmiairport.fi\/en\/wp-json\/wp\/v2\/pages\/324\/revisions\/9163"}],"up":[{"embeddable":true,"href":"https:\/\/www.malmiairport.fi\/en\/wp-json\/wp\/v2\/pages\/320"}],"wp:attachment":[{"href":"https:\/\/www.malmiairport.fi\/en\/wp-json\/wp\/v2\/media?parent=324"}],"curies":[{"name":"wp","href":"https:\/\/api.w.org\/{rel}","templated":true}]}}