{"id":343,"date":"2014-05-22T18:54:52","date_gmt":"2014-05-22T15:54:52","guid":{"rendered":"http:\/\/malmiairport.fi\/?page_id=343"},"modified":"2025-12-04T19:58:27","modified_gmt":"2025-12-04T17:58:27","slug":"associations","status":"publish","type":"page","link":"https:\/\/www.malmiairport.fi\/en\/activity\/associations\/","title":{"rendered":"Associations"},"content":{"rendered":"\n<p>Malmi Airport has been by far the most important general aviation hub in Finland. More than 40% of all general aviation operations in Finland have been carried out there. According to a\u00a0<a href=\"https:\/\/julkaisut.valtioneuvosto.fi\/handle\/10024\/77839?show=full\">report by the Ministry of Transport and Communications<\/a>\u00a0(in Finnish), hobby activities have accounted for 10-20% of Malmi\u2019s operations.<\/p>\n\n\n\n<p>The following list contains clubs and associations evicted from Malmi Airport by City of Helsinki in 2021.<\/p>\n\n\n<h4>Airport operations and infrastructure<\/h4>\n<ul>\n<li><a href=\"http:\/\/efhf.fi\/?lang=en\">Malmi Airfield Association<\/a><\/li>\n<\/ul>\n<h4>Other associations<\/h4>\n<ul>\n<li style=\"list-style-type: none;\">\n<ul>\n<li>Aviation Administration Flying Club<\/li>\n<li><a href=\"http:\/\/www.dc-ry.fi\/\">DC Association<\/a><\/li>\n<\/ul>\n<\/li>\n<\/ul>\n<p>(maintenance and operation of the historical DC-3 airliner OH-LCH)<\/p>\n<ul>\n<li><a href=\"http:\/\/www.esmofly.org\/\">ESMO Flying Club<\/a>\u00a0(private pilot training)<\/li>\n<li><a href=\"http:\/\/www.ilmailuliitto.fi\/\">Finnish Aeronautical Association<\/a><\/li>\n<li>Friends of Malmi Airport Association<\/li>\n<li><a href=\"http:\/\/www.kevytilmailu.net\/\">Kevytilmailu &#8211; Light Aviation ry (KILA)<\/a>\u00a0(hobby pilot training)<\/li>\n<li><a href=\"http:\/\/www.mik.fi\">Malmi Aviation Club<\/a>\u00a0(private pilot training)<\/li>\n<li>Malmi Flying Model Club<\/li>\n<li><a href=\"https:\/\/www.maf.fi\/\">Mission Aviation Fellowship Finland<\/a><\/li>\n<li><a href=\"http:\/\/www.milk.fi\/\">M\u00e4nts\u00e4l\u00e4 Aviation Club<\/a>\u00a0(hobby pilot training)<\/li>\n<li><a href=\"http:\/\/www.skydivefinland.fi\/en\/home\/\">Skydive Finland<\/a>\u00a0(parachuting training)<\/li>\n<li><a href=\"http:\/\/pik.ayy.fi\/\">Polytechnic Students&#8217; Aviation Club<\/a>\u00a0(private pilot training)<\/li>\n<li><a href=\"https:\/\/poutahaukat.jimdofree.com\/\">Poutahaukat Aviation Club<\/a> (private pilot training)<\/li>\n<li><a href=\"http:\/\/www.ultrapilot.net\/\">Suomen ultrapilotit ry<\/a> (hobby pilot training)<\/li>\n<li><a href=\"http:\/\/www.lentopelastus.fi\/\">Suomen lentopelastusseura SLPS ry (Air Rescue Association Finland)<\/a><\/li>\n<li>Vampulan siipiveikot Aviation Club<\/li>\n<\/ul>","protected":false},"excerpt":{"rendered":"<p>Malmi Airport has been by far the most important general aviation hub in Finland. More than 40% of all general aviation operations in Finland have been carried out there. According to a\u00a0report by the Ministry of Transport and Communications\u00a0(in Finnish), hobby activities have accounted for 10-20% of Malmi\u2019s operations. The following list contains clubs and [&hellip;]<\/p>\n","protected":false},"author":4,"featured_media":0,"parent":338,"menu_order":2,"comment_status":"closed","ping_status":"open","template":"","meta":{"_monsterinsights_skip_tracking":false,"_monsterinsights_sitenote_active":false,"_monsterinsights_sitenote_note":"","_monsterinsights_sitenote_category":0,"footnotes":""},"class_list":["post-343","page","type-page","status-publish","hentry"],"yoast_head":"<!-- This site is optimized with the Yoast SEO plugin v27.4 - https:\/\/yoast.com\/product\/yoast-seo-wordpress\/ -->\n<title>Associations - Helsinki-Malmi Airport<\/title>\n<meta name=\"robots\" content=\"index, follow, max-snippet:-1, max-image-preview:large, max-video-preview:-1\" \/>\n<link rel=\"canonical\" href=\"https:\/\/www.malmiairport.fi\/en\/activity\/associations\/\" \/>\n<meta property=\"og:locale\" content=\"en_US\" \/>\n<meta property=\"og:type\" content=\"article\" \/>\n<meta property=\"og:title\" content=\"Associations - Helsinki-Malmi Airport\" \/>\n<meta property=\"og:description\" content=\"Malmi Airport has been by far the most important general aviation hub in Finland. More than 40% of all general aviation operations in Finland have been carried out there. According to a\u00a0report by the Ministry of Transport and Communications\u00a0(in Finnish), hobby activities have accounted for 10-20% of Malmi\u2019s operations. The following list contains clubs and [&hellip;]\" \/>\n<meta property=\"og:url\" content=\"https:\/\/www.malmiairport.fi\/en\/activity\/associations\/\" \/>\n<meta property=\"og:site_name\" content=\"Helsinki-Malmi Airport\" \/>\n<meta property=\"article:publisher\" content=\"https:\/\/www.facebook.com\/groups\/18645317752\" \/>\n<meta property=\"article:modified_time\" content=\"2025-12-04T17:58:27+00:00\" \/>\n<meta name=\"twitter:card\" content=\"summary_large_image\" \/>\n<meta name=\"twitter:site\" content=\"@mly_ry\" \/>\n<meta name=\"twitter:label1\" content=\"Est. reading time\" \/>\n\t<meta name=\"twitter:data1\" content=\"2 minutes\" \/>\n<script type=\"application\/ld+json\" class=\"yoast-schema-graph\">{\"@context\":\"https:\\\/\\\/schema.org\",\"@graph\":[{\"@type\":\"WebPage\",\"@id\":\"https:\\\/\\\/www.malmiairport.fi\\\/en\\\/activity\\\/associations\\\/\",\"url\":\"https:\\\/\\\/www.malmiairport.fi\\\/en\\\/activity\\\/associations\\\/\",\"name\":\"Associations - Helsinki-Malmi Airport\",\"isPartOf\":{\"@id\":\"https:\\\/\\\/www.malmiairport.fi\\\/en\\\/#website\"},\"datePublished\":\"2014-05-22T15:54:52+00:00\",\"dateModified\":\"2025-12-04T17:58:27+00:00\",\"breadcrumb\":{\"@id\":\"https:\\\/\\\/www.malmiairport.fi\\\/en\\\/activity\\\/associations\\\/#breadcrumb\"},\"inLanguage\":\"en-US\",\"potentialAction\":[{\"@type\":\"ReadAction\",\"target\":[\"https:\\\/\\\/www.malmiairport.fi\\\/en\\\/activity\\\/associations\\\/\"]}]},{\"@type\":\"BreadcrumbList\",\"@id\":\"https:\\\/\\\/www.malmiairport.fi\\\/en\\\/activity\\\/associations\\\/#breadcrumb\",\"itemListElement\":[{\"@type\":\"ListItem\",\"position\":1,\"name\":\"Etusivu\",\"item\":\"https:\\\/\\\/www.malmiairport.fi\\\/en\\\/\"},{\"@type\":\"ListItem\",\"position\":2,\"name\":\"Activity\",\"item\":\"https:\\\/\\\/www.malmiairport.fi\\\/en\\\/activity\\\/\"},{\"@type\":\"ListItem\",\"position\":3,\"name\":\"Associations\"}]},{\"@type\":\"WebSite\",\"@id\":\"https:\\\/\\\/www.malmiairport.fi\\\/en\\\/#website\",\"url\":\"https:\\\/\\\/www.malmiairport.fi\\\/en\\\/\",\"name\":\"Helsinki-Malmi Airport\",\"description\":\"\",\"publisher\":{\"@id\":\"https:\\\/\\\/www.malmiairport.fi\\\/en\\\/#organization\"},\"potentialAction\":[{\"@type\":\"SearchAction\",\"target\":{\"@type\":\"EntryPoint\",\"urlTemplate\":\"https:\\\/\\\/www.malmiairport.fi\\\/en\\\/?s={search_term_string}\"},\"query-input\":{\"@type\":\"PropertyValueSpecification\",\"valueRequired\":true,\"valueName\":\"search_term_string\"}}],\"inLanguage\":\"en-US\"},{\"@type\":\"Organization\",\"@id\":\"https:\\\/\\\/www.malmiairport.fi\\\/en\\\/#organization\",\"name\":\"Helsinki-Malmi Airport\",\"url\":\"https:\\\/\\\/www.malmiairport.fi\\\/en\\\/\",\"logo\":{\"@type\":\"ImageObject\",\"inLanguage\":\"en-US\",\"@id\":\"https:\\\/\\\/www.malmiairport.fi\\\/en\\\/#\\\/schema\\\/logo\\\/image\\\/\",\"url\":\"https:\\\/\\\/www.malmiairport.fi\\\/wp-content\\\/uploads\\\/2023\\\/05\\\/cropped-transparent_150x150-1-2.png\",\"contentUrl\":\"https:\\\/\\\/www.malmiairport.fi\\\/wp-content\\\/uploads\\\/2023\\\/05\\\/cropped-transparent_150x150-1-2.png\",\"width\":150,\"height\":150,\"caption\":\"Helsinki-Malmi Airport\"},\"image\":{\"@id\":\"https:\\\/\\\/www.malmiairport.fi\\\/en\\\/#\\\/schema\\\/logo\\\/image\\\/\"},\"sameAs\":[\"https:\\\/\\\/www.facebook.com\\\/groups\\\/18645317752\",\"https:\\\/\\\/x.com\\\/mly_ry\"]}]}<\/script>\n<!-- \/ Yoast SEO plugin. -->","yoast_head_json":{"title":"Associations - Helsinki-Malmi Airport","robots":{"index":"index","follow":"follow","max-snippet":"max-snippet:-1","max-image-preview":"max-image-preview:large","max-video-preview":"max-video-preview:-1"},"canonical":"https:\/\/www.malmiairport.fi\/en\/activity\/associations\/","og_locale":"en_US","og_type":"article","og_title":"Associations - Helsinki-Malmi Airport","og_description":"Malmi Airport has been by far the most important general aviation hub in Finland. More than 40% of all general aviation operations in Finland have been carried out there. According to a\u00a0report by the Ministry of Transport and Communications\u00a0(in Finnish), hobby activities have accounted for 10-20% of Malmi\u2019s operations. The following list contains clubs and [&hellip;]","og_url":"https:\/\/www.malmiairport.fi\/en\/activity\/associations\/","og_site_name":"Helsinki-Malmi Airport","article_publisher":"https:\/\/www.facebook.com\/groups\/18645317752","article_modified_time":"2025-12-04T17:58:27+00:00","twitter_card":"summary_large_image","twitter_site":"@mly_ry","twitter_misc":{"Est. reading time":"2 minutes"},"schema":{"@context":"https:\/\/schema.org","@graph":[{"@type":"WebPage","@id":"https:\/\/www.malmiairport.fi\/en\/activity\/associations\/","url":"https:\/\/www.malmiairport.fi\/en\/activity\/associations\/","name":"Associations - Helsinki-Malmi Airport","isPartOf":{"@id":"https:\/\/www.malmiairport.fi\/en\/#website"},"datePublished":"2014-05-22T15:54:52+00:00","dateModified":"2025-12-04T17:58:27+00:00","breadcrumb":{"@id":"https:\/\/www.malmiairport.fi\/en\/activity\/associations\/#breadcrumb"},"inLanguage":"en-US","potentialAction":[{"@type":"ReadAction","target":["https:\/\/www.malmiairport.fi\/en\/activity\/associations\/"]}]},{"@type":"BreadcrumbList","@id":"https:\/\/www.malmiairport.fi\/en\/activity\/associations\/#breadcrumb","itemListElement":[{"@type":"ListItem","position":1,"name":"Etusivu","item":"https:\/\/www.malmiairport.fi\/en\/"},{"@type":"ListItem","position":2,"name":"Activity","item":"https:\/\/www.malmiairport.fi\/en\/activity\/"},{"@type":"ListItem","position":3,"name":"Associations"}]},{"@type":"WebSite","@id":"https:\/\/www.malmiairport.fi\/en\/#website","url":"https:\/\/www.malmiairport.fi\/en\/","name":"Helsinki-Malmi Airport","description":"","publisher":{"@id":"https:\/\/www.malmiairport.fi\/en\/#organization"},"potentialAction":[{"@type":"SearchAction","target":{"@type":"EntryPoint","urlTemplate":"https:\/\/www.malmiairport.fi\/en\/?s={search_term_string}"},"query-input":{"@type":"PropertyValueSpecification","valueRequired":true,"valueName":"search_term_string"}}],"inLanguage":"en-US"},{"@type":"Organization","@id":"https:\/\/www.malmiairport.fi\/en\/#organization","name":"Helsinki-Malmi Airport","url":"https:\/\/www.malmiairport.fi\/en\/","logo":{"@type":"ImageObject","inLanguage":"en-US","@id":"https:\/\/www.malmiairport.fi\/en\/#\/schema\/logo\/image\/","url":"https:\/\/www.malmiairport.fi\/wp-content\/uploads\/2023\/05\/cropped-transparent_150x150-1-2.png","contentUrl":"https:\/\/www.malmiairport.fi\/wp-content\/uploads\/2023\/05\/cropped-transparent_150x150-1-2.png","width":150,"height":150,"caption":"Helsinki-Malmi Airport"},"image":{"@id":"https:\/\/www.malmiairport.fi\/en\/#\/schema\/logo\/image\/"},"sameAs":["https:\/\/www.facebook.com\/groups\/18645317752","https:\/\/x.com\/mly_ry"]}]}},"_links":{"self":[{"href":"https:\/\/www.malmiairport.fi\/en\/wp-json\/wp\/v2\/pages\/343","targetHints":{"allow":["GET"]}}],"collection":[{"href":"https:\/\/www.malmiairport.fi\/en\/wp-json\/wp\/v2\/pages"}],"about":[{"href":"https:\/\/www.malmiairport.fi\/en\/wp-json\/wp\/v2\/types\/page"}],"author":[{"embeddable":true,"href":"https:\/\/www.malmiairport.fi\/en\/wp-json\/wp\/v2\/users\/4"}],"replies":[{"embeddable":true,"href":"https:\/\/www.malmiairport.fi\/en\/wp-json\/wp\/v2\/comments?post=343"}],"version-history":[{"count":2,"href":"https:\/\/www.malmiairport.fi\/en\/wp-json\/wp\/v2\/pages\/343\/revisions"}],"predecessor-version":[{"id":11765,"href":"https:\/\/www.malmiairport.fi\/en\/wp-json\/wp\/v2\/pages\/343\/revisions\/11765"}],"up":[{"embeddable":true,"href":"https:\/\/www.malmiairport.fi\/en\/wp-json\/wp\/v2\/pages\/338"}],"wp:attachment":[{"href":"https:\/\/www.malmiairport.fi\/en\/wp-json\/wp\/v2\/media?parent=343"}],"curies":[{"name":"wp","href":"https:\/\/api.w.org\/{rel}","templated":true}]}}