{"id":4849,"date":"2019-03-05T19:30:00","date_gmt":"2019-03-05T17:30:00","guid":{"rendered":"http:\/\/www.malmiairport.fi\/?page_id=4849\/"},"modified":"2025-01-08T15:59:40","modified_gmt":"2025-01-08T13:59:40","slug":"pro-malmi","status":"publish","type":"page","link":"https:\/\/www.malmiairport.fi\/en\/pro-malmi\/","title":{"rendered":"Pro Malmi"},"content":{"rendered":"<p>With a Pro Malmi Certificate of Support you can show your support for keeping Malmi Airport in aviation use, cherishing its cultural history and developing its activites also in the future. Your purchase helps us keep up the public information campaign and legislative effort to save Malmi Airport. Please contact <a href=\"mailto:kauppa@malmiairport.fi\">kauppa@malmiairport.fi<\/a>!<\/p>\n<p>You can purchase a Pro Malmi Certificate of Support either for yourself, your organization or as a present to another friend of Malmi Airport. The Certificate demonstrates its owner&#8217;s status as a patron of the continued existence of historic Malmi Airport as an active airport.<\/p>\n\n<table id=\"tablepress-5\" class=\"tablepress tablepress-id-5\">\n<thead>\n<tr class=\"row-1\">\n\t<td class=\"column-1\"><\/td><th class=\"column-2\"><a href=\"http:\/\/www.malmiairport.fi\/wp-content\/uploads\/2017\/01\/mallibas1.png\"><img loading=\"lazy\" decoding=\"async\" src=\"http:\/\/www.malmiairport.fi\/wp-content\/uploads\/2017\/01\/mallibas1.png\" alt=\"\" width=\"130\" height=\"180\" class=\"alignright size-full wp-image-4234\" srcset=\"https:\/\/www.malmiairport.fi\/wp-content\/uploads\/2017\/01\/mallibas1.png 130w, https:\/\/www.malmiairport.fi\/wp-content\/uploads\/2017\/01\/mallibas1-100x138.png 100w\" sizes=\"auto, (max-width: 130px) 100vw, 130px\" \/><\/a><br \/>\n<center>Pro Malmi<\/center><\/th><th class=\"column-3\"><a href=\"http:\/\/www.malmiairport.fi\/wp-content\/uploads\/2017\/01\/mallihop1.png\"><img loading=\"lazy\" decoding=\"async\" src=\"http:\/\/www.malmiairport.fi\/wp-content\/uploads\/2017\/01\/mallihop1.png\" alt=\"\" width=\"128\" height=\"180\" class=\"alignright size-full wp-image-4235\" srcset=\"https:\/\/www.malmiairport.fi\/wp-content\/uploads\/2017\/01\/mallihop1.png 128w, https:\/\/www.malmiairport.fi\/wp-content\/uploads\/2017\/01\/mallihop1-100x141.png 100w\" sizes=\"auto, (max-width: 128px) 100vw, 128px\" \/><\/a><br \/>\n<center>Silver<\/center><\/th><th class=\"column-4\"><a href=\"http:\/\/www.malmiairport.fi\/wp-content\/uploads\/2017\/01\/mallikult1.png\"><img loading=\"lazy\" decoding=\"async\" src=\"http:\/\/www.malmiairport.fi\/wp-content\/uploads\/2017\/01\/mallikult1.png\" alt=\"\" width=\"127\" height=\"180\" class=\"alignright size-full wp-image-4236\" srcset=\"https:\/\/www.malmiairport.fi\/wp-content\/uploads\/2017\/01\/mallikult1.png 127w, https:\/\/www.malmiairport.fi\/wp-content\/uploads\/2017\/01\/mallikult1-100x142.png 100w\" sizes=\"auto, (max-width: 127px) 100vw, 127px\" \/><\/a><br \/>\n<center>Gold<\/center><\/th><th class=\"column-5\"><a href=\"http:\/\/www.malmiairport.fi\/wp-content\/uploads\/2017\/01\/malliplat1.png\"><img loading=\"lazy\" decoding=\"async\" src=\"http:\/\/www.malmiairport.fi\/wp-content\/uploads\/2017\/01\/malliplat1.png\" alt=\"\" width=\"128\" height=\"180\" class=\"alignright size-full wp-image-4237\" srcset=\"https:\/\/www.malmiairport.fi\/wp-content\/uploads\/2017\/01\/malliplat1.png 128w, https:\/\/www.malmiairport.fi\/wp-content\/uploads\/2017\/01\/malliplat1-100x141.png 100w\" sizes=\"auto, (max-width: 128px) 100vw, 128px\" \/><\/a><br \/>\n<center>Platinum<\/center><\/th>\n<\/tr>\n<\/thead>\n<tbody class=\"row-striping\">\n<tr class=\"row-2\">\n\t<td class=\"column-1\">1<\/td><td class=\"column-2\">Timo Koho<\/td><td class=\"column-3\">Hannele Siika-aho\t <\/td><td class=\"column-4\">Anja Caspers<\/td><td class=\"column-5\">Lauri Tarkkonen<\/td>\n<\/tr>\n<tr class=\"row-3\">\n\t<td class=\"column-1\">2<\/td><td class=\"column-2\">Marjo Salo<\/td><td class=\"column-3\">Lauri Lounasheimo<\/td><td class=\"column-4\">Tatu Koiranen<\/td><td class=\"column-5\">Ari Vatanen, 10v EU-liikennevaliokunnassa<\/td>\n<\/tr>\n<tr class=\"row-4\">\n\t<td class=\"column-1\">3<\/td><td class=\"column-2\">Petri Minkkinen<\/td><td class=\"column-3\">Ari Ilaskivi<\/td><td class=\"column-4\">Timo Hyv\u00f6nen<\/td><td class=\"column-5\">Aurinkolaivue \u2013 La Esquadrilla del Sol<\/td>\n<\/tr>\n<tr class=\"row-5\">\n\t<td class=\"column-1\">4<\/td><td class=\"column-2\">Seppo Kyll\u00f6nen\t\t \t <\/td><td class=\"column-3\">Tom Bj\u00f6rk<\/td><td class=\"column-4\">Pekka Ahlstrand<\/td><td class=\"column-5\"><a href=\"http:\/\/www.fintronic.fi\">Fintronic Oy<\/a><\/td>\n<\/tr>\n<tr class=\"row-6\">\n\t<td class=\"column-1\">5<\/td><td class=\"column-2\">Jan-Erik Malmstr\u00f6m\t \t \t<\/td><td class=\"column-3\">Ari Aho<\/td><td class=\"column-4\">Heikki K\u00e4rn\u00e4<\/td><td class=\"column-5\"><a href=\"http:\/\/www.procio.fi\">Pro Cio Oy<\/a><\/td>\n<\/tr>\n<tr class=\"row-7\">\n\t<td class=\"column-1\">6<\/td><td class=\"column-2\">Tapani Ritavuori \t <\/td><td class=\"column-3\">Marco Corsi<\/td><td class=\"column-4\">Timo Lahtinen<\/td><td class=\"column-5\"><\/td>\n<\/tr>\n<tr class=\"row-8\">\n\t<td class=\"column-1\">7<\/td><td class=\"column-2\">Lauri Oksanen<\/td><td class=\"column-3\">Eino Autio<\/td><td class=\"column-4\">Samuli Sorvakko<\/td><td class=\"column-5\"><\/td>\n<\/tr>\n<tr class=\"row-9\">\n\t<td class=\"column-1\">8<\/td><td class=\"column-2\">Soile Ojanen<\/td><td class=\"column-3\">N.N.<\/td><td class=\"column-4\">Markku Alanen<\/td><td class=\"column-5\"><\/td>\n<\/tr>\n<tr class=\"row-10\">\n\t<td class=\"column-1\">9<\/td><td class=\"column-2\">Helena Aarnio<\/td><td class=\"column-3\">Lasse Minkkinen<\/td><td class=\"column-4\">Armin Z\u00fcger<\/td><td class=\"column-5\"><\/td>\n<\/tr>\n<tr class=\"row-11\">\n\t<td class=\"column-1\">10<\/td><td class=\"column-2\">Anne Jakonen<\/td><td class=\"column-3\">Tuomas P\u00f6yry<\/td><td class=\"column-4\"><a href=\"http:\/\/www.neele-vatlogistics.fi\">Neele-Vat Finland Oy<\/a><\/td><td class=\"column-5\"><\/td>\n<\/tr>\n<tr class=\"row-12\">\n\t<td class=\"column-1\">11<\/td><td class=\"column-2\">Erkki Saviharju<\/td><td class=\"column-3\">Sami Puro<\/td><td class=\"column-4\">Antti Hietala<\/td><td class=\"column-5\"><\/td>\n<\/tr>\n<tr class=\"row-13\">\n\t<td class=\"column-1\">12<\/td><td class=\"column-2\">N.N.<\/td><td class=\"column-3\">Kaj Granstr\u00f6m<\/td><td class=\"column-4\">Miika Asunta<\/td><td class=\"column-5\"><\/td>\n<\/tr>\n<tr class=\"row-14\">\n\t<td class=\"column-1\">13<\/td><td class=\"column-2\">N.N.<\/td><td class=\"column-3\">Jari Reinikainen<\/td><td class=\"column-4\">Janne Viljanen<\/td><td class=\"column-5\"><\/td>\n<\/tr>\n<tr class=\"row-15\">\n\t<td class=\"column-1\">14<\/td><td class=\"column-2\">Osmo Kimmo<\/td><td class=\"column-3\">Kirsi Kokkonen<\/td><td class=\"column-4\">Kari Mervasto<\/td><td class=\"column-5\"><\/td>\n<\/tr>\n<tr class=\"row-16\">\n\t<td class=\"column-1\">15<\/td><td class=\"column-2\">Pertti Martikainen<\/td><td class=\"column-3\">Veli Haavisto<\/td><td class=\"column-4\">Tom H\u00e4ggblom<\/td><td class=\"column-5\"><\/td>\n<\/tr>\n<tr class=\"row-17\">\n\t<td class=\"column-1\">16<\/td><td class=\"column-2\">Plaza Mocca<\/td><td class=\"column-3\">Timo T\u00e4htinen<\/td><td class=\"column-4\"><a href=\"http:\/\/www.texpro.fi\">TEXpro Oy<\/a><\/td><td class=\"column-5\"><\/td>\n<\/tr>\n<tr class=\"row-18\">\n\t<td class=\"column-1\">17<\/td><td class=\"column-2\">Marja Saavalainen<\/td><td class=\"column-3\">Ralph Jaari<\/td><td class=\"column-4\">Jarmo Nieminen<\/td><td class=\"column-5\"><\/td>\n<\/tr>\n<tr class=\"row-19\">\n\t<td class=\"column-1\">18<\/td><td class=\"column-2\">Kirsi Sj\u00f6blom<\/td><td class=\"column-3\">Matti Hara<\/td><td class=\"column-4\">Samuli Kallio<\/td><td class=\"column-5\"><\/td>\n<\/tr>\n<tr class=\"row-20\">\n\t<td class=\"column-1\">19<\/td><td class=\"column-2\">Ada Aurora Asikainen<\/td><td class=\"column-3\">Max Johansson<\/td><td class=\"column-4\"><a href=\"http:\/\/www.apteekkielixir.fi\">Apteekki Elixir<\/a><\/td><td class=\"column-5\"><\/td>\n<\/tr>\n<tr class=\"row-21\">\n\t<td class=\"column-1\">20<\/td><td class=\"column-2\">Marita Malminen<\/td><td class=\"column-3\">Ari Katajam\u00e4ki<\/td><td class=\"column-4\">Juha Lampi<\/td><td class=\"column-5\"><\/td>\n<\/tr>\n<tr class=\"row-22\">\n\t<td class=\"column-1\">21<\/td><td class=\"column-2\">Elias Krohn<\/td><td class=\"column-3\">Sampo Kiviniemi<\/td><td class=\"column-4\">Ari Katajam\u00e4ki<\/td><td class=\"column-5\"><\/td>\n<\/tr>\n<tr class=\"row-23\">\n\t<td class=\"column-1\">22<\/td><td class=\"column-2\">Eija Simola<\/td><td class=\"column-3\">Eero Kallinen<\/td><td class=\"column-4\">Janne Vasama<\/td><td class=\"column-5\"><\/td>\n<\/tr>\n<tr class=\"row-24\">\n\t<td class=\"column-1\">23<\/td><td class=\"column-2\">Jukka Juvonen<\/td><td class=\"column-3\">Sirkka Mikkonen<\/td><td class=\"column-4\">N.N.<\/td><td class=\"column-5\"><\/td>\n<\/tr>\n<tr class=\"row-25\">\n\t<td class=\"column-1\">24<\/td><td class=\"column-2\">Harri K\u00e4m\u00e4r\u00e4inen<\/td><td class=\"column-3\">Jukka T\u00f6yryl\u00e4<\/td><td class=\"column-4\"><a href=\"https:\/\/yle.fi\/aihe\/suomilove\">SuomiLOVE<\/a><\/td><td class=\"column-5\"><\/td>\n<\/tr>\n<tr class=\"row-26\">\n\t<td class=\"column-1\">25<\/td><td class=\"column-2\">N.N.<\/td><td class=\"column-3\"> Ville Sirvi\u00f6<\/td><td class=\"column-4\">Timo Pokela<\/td><td class=\"column-5\"><\/td>\n<\/tr>\n<tr class=\"row-27\">\n\t<td class=\"column-1\">26<\/td><td class=\"column-2\">Jukka Koskinen<\/td><td class=\"column-3\">Janne Vasama<\/td><td class=\"column-4\">Eeva-Liisa Blom<\/td><td class=\"column-5\"><\/td>\n<\/tr>\n<tr class=\"row-28\">\n\t<td class=\"column-1\">27<\/td><td class=\"column-2\">Anselmi Pyy<\/td><td class=\"column-3\">Sirpa Kaski<\/td><td class=\"column-4\"><\/td><td class=\"column-5\"><\/td>\n<\/tr>\n<tr class=\"row-29\">\n\t<td class=\"column-1\">28<\/td><td class=\"column-2\"><a href=\"http:\/\/www.tuulenkavijat.fi\/\">Malmin tuulenk\u00e4vij\u00e4t<\/a><br \/>\n<\/td><td class=\"column-3\"><\/td><td class=\"column-4\"><\/td><td class=\"column-5\"><\/td>\n<\/tr>\n<tr class=\"row-30\">\n\t<td class=\"column-1\">29<\/td><td class=\"column-2\"> Aleksi Koskela<\/td><td class=\"column-3\"><\/td><td class=\"column-4\"><\/td><td class=\"column-5\"><\/td>\n<\/tr>\n<tr class=\"row-31\">\n\t<td class=\"column-1\">30<\/td><td class=\"column-2\">Anne Lev\u00e4nen<\/td><td class=\"column-3\"><\/td><td class=\"column-4\"><\/td><td class=\"column-5\"><\/td>\n<\/tr>\n<tr class=\"row-32\">\n\t<td class=\"column-1\">31<\/td><td class=\"column-2\">Siiri Siirtola<\/td><td class=\"column-3\"><\/td><td class=\"column-4\"><\/td><td class=\"column-5\"><\/td>\n<\/tr>\n<tr class=\"row-33\">\n\t<td class=\"column-1\">32<\/td><td class=\"column-2\">Raija Tonteri<\/td><td class=\"column-3\"><\/td><td class=\"column-4\"><\/td><td class=\"column-5\"><\/td>\n<\/tr>\n<tr class=\"row-34\">\n\t<td class=\"column-1\">33<\/td><td class=\"column-2\">Johanna Alarto<\/td><td class=\"column-3\"><\/td><td class=\"column-4\"><\/td><td class=\"column-5\"><\/td>\n<\/tr>\n<tr class=\"row-35\">\n\t<td class=\"column-1\">34<\/td><td class=\"column-2\">Olli Koponen<\/td><td class=\"column-3\"><\/td><td class=\"column-4\"><\/td><td class=\"column-5\"><\/td>\n<\/tr>\n<tr class=\"row-36\">\n\t<td class=\"column-1\">35<\/td><td class=\"column-2\">Mariitta Pulkkinen<\/td><td class=\"column-3\"><\/td><td class=\"column-4\"><\/td><td class=\"column-5\"><\/td>\n<\/tr>\n<tr class=\"row-37\">\n\t<td class=\"column-1\">36<\/td><td class=\"column-2\">Jouni Orava<\/td><td class=\"column-3\"><\/td><td class=\"column-4\"><\/td><td class=\"column-5\"><\/td>\n<\/tr>\n<tr class=\"row-38\">\n\t<td class=\"column-1\">37<\/td><td class=\"column-2\">Perttu Hillman<\/td><td class=\"column-3\"><\/td><td class=\"column-4\"><\/td><td class=\"column-5\"><\/td>\n<\/tr>\n<tr class=\"row-39\">\n\t<td class=\"column-1\">38<\/td><td class=\"column-2\">Heikki Kupila<\/td><td class=\"column-3\"><\/td><td class=\"column-4\"><\/td><td class=\"column-5\"><\/td>\n<\/tr>\n<tr class=\"row-40\">\n\t<td class=\"column-1\">39<\/td><td class=\"column-2\">Eija Karhu<\/td><td class=\"column-3\"><\/td><td class=\"column-4\"><\/td><td class=\"column-5\"><\/td>\n<\/tr>\n<tr class=\"row-41\">\n\t<td class=\"column-1\">40<\/td><td class=\"column-2\">Petri \u00d6hman<\/td><td class=\"column-3\"><\/td><td class=\"column-4\"><\/td><td class=\"column-5\"><\/td>\n<\/tr>\n<tr class=\"row-42\">\n\t<td class=\"column-1\">41<\/td><td class=\"column-2\">N.N.<\/td><td class=\"column-3\"><\/td><td class=\"column-4\"><\/td><td class=\"column-5\"><\/td>\n<\/tr>\n<tr class=\"row-43\">\n\t<td class=\"column-1\">42<\/td><td class=\"column-2\">Eero Talvela<\/td><td class=\"column-3\"><\/td><td class=\"column-4\"><\/td><td class=\"column-5\"><\/td>\n<\/tr>\n<tr class=\"row-44\">\n\t<td class=\"column-1\">43<\/td><td class=\"column-2\">Ulf Sand\u00e5s<\/td><td class=\"column-3\"><\/td><td class=\"column-4\"><\/td><td class=\"column-5\"><\/td>\n<\/tr>\n<tr class=\"row-45\">\n\t<td class=\"column-1\">44<\/td><td class=\"column-2\">Eero Juvonen<\/td><td class=\"column-3\"><\/td><td class=\"column-4\"><\/td><td class=\"column-5\"><\/td>\n<\/tr>\n<tr class=\"row-46\">\n\t<td class=\"column-1\">45<\/td><td class=\"column-2\">Esa T\u00f6rm\u00e4l\u00e4<\/td><td class=\"column-3\"><\/td><td class=\"column-4\"><\/td><td class=\"column-5\"><\/td>\n<\/tr>\n<tr class=\"row-47\">\n\t<td class=\"column-1\">46<\/td><td class=\"column-2\">Ilkka Wijkberg<\/td><td class=\"column-3\"><\/td><td class=\"column-4\"><\/td><td class=\"column-5\"><\/td>\n<\/tr>\n<tr class=\"row-48\">\n\t<td class=\"column-1\">47<\/td><td class=\"column-2\"><a href=\"https:\/\/www.palveluseteli.fi\/fi\/palvelusetelit\/toimipiste\/viherkoti\/viherkoti\">Viherkoti Teivaala<\/a><\/td><td class=\"column-3\"><\/td><td class=\"column-4\"><\/td><td class=\"column-5\"><\/td>\n<\/tr>\n<tr class=\"row-49\">\n\t<td class=\"column-1\">48<\/td><td class=\"column-2\">Henry Blomqvist<\/td><td class=\"column-3\"><\/td><td class=\"column-4\"><\/td><td class=\"column-5\"><\/td>\n<\/tr>\n<tr class=\"row-50\">\n\t<td class=\"column-1\">49<\/td><td class=\"column-2\">Pirkko Saartio<\/td><td class=\"column-3\"><\/td><td class=\"column-4\"><\/td><td class=\"column-5\"><\/td>\n<\/tr>\n<tr class=\"row-51\">\n\t<td class=\"column-1\">50<\/td><td class=\"column-2\">Meri J\u00e4rvenp\u00e4\u00e4<\/td><td class=\"column-3\"><\/td><td class=\"column-4\"><\/td><td class=\"column-5\"><\/td>\n<\/tr>\n<tr class=\"row-52\">\n\t<td class=\"column-1\">51<\/td><td class=\"column-2\"><\/td><td class=\"column-3\"><\/td><td class=\"column-4\"><\/td><td class=\"column-5\"><\/td>\n<\/tr>\n<tr class=\"row-53\">\n\t<td class=\"column-1\">52<\/td><td class=\"column-2\"><\/td><td class=\"column-3\"><\/td><td class=\"column-4\"><\/td><td class=\"column-5\"><\/td>\n<\/tr>\n<tr class=\"row-54\">\n\t<td class=\"column-1\">53<\/td><td class=\"column-2\"><\/td><td class=\"column-3\"><\/td><td class=\"column-4\"><\/td><td class=\"column-5\"><\/td>\n<\/tr>\n<tr class=\"row-55\">\n\t<td class=\"column-1\">54<\/td><td class=\"column-2\"><\/td><td class=\"column-3\"><\/td><td class=\"column-4\"><\/td><td class=\"column-5\"><\/td>\n<\/tr>\n<tr class=\"row-56\">\n\t<td class=\"column-1\">55<\/td><td class=\"column-2\"><\/td><td class=\"column-3\"><\/td><td class=\"column-4\"><\/td><td class=\"column-5\"><\/td>\n<\/tr>\n<tr class=\"row-57\">\n\t<td class=\"column-1\">56<\/td><td class=\"column-2\"><\/td><td class=\"column-3\"><\/td><td class=\"column-4\"><\/td><td class=\"column-5\"><\/td>\n<\/tr>\n<tr class=\"row-58\">\n\t<td class=\"column-1\">57<\/td><td class=\"column-2\"><\/td><td class=\"column-3\"><\/td><td class=\"column-4\"><\/td><td class=\"column-5\"><\/td>\n<\/tr>\n<tr class=\"row-59\">\n\t<td class=\"column-1\">58<\/td><td class=\"column-2\"><\/td><td class=\"column-3\"><\/td><td class=\"column-4\"><\/td><td class=\"column-5\"><\/td>\n<\/tr>\n<tr class=\"row-60\">\n\t<td class=\"column-1\">59<\/td><td class=\"column-2\"><\/td><td class=\"column-3\"><\/td><td class=\"column-4\"><\/td><td class=\"column-5\"><\/td>\n<\/tr>\n<tr class=\"row-61\">\n\t<td class=\"column-1\">60<\/td><td class=\"column-2\"><\/td><td class=\"column-3\"><\/td><td class=\"column-4\"><\/td><td class=\"column-5\"><\/td>\n<\/tr>\n<\/tbody>\n<\/table>\n\n","protected":false},"excerpt":{"rendered":"<p>With a Pro Malmi Certificate of Support you can show your support for keeping Malmi Airport in aviation use, cherishing its cultural history and developing its activites also in the future. Your purchase helps us keep up the public information campaign and legislative effort to save Malmi Airport. Please contact kauppa@malmiairport.fi! You can purchase a [&hellip;]<\/p>\n","protected":false},"author":4,"featured_media":0,"parent":0,"menu_order":0,"comment_status":"closed","ping_status":"closed","template":"","meta":{"_monsterinsights_skip_tracking":false,"_monsterinsights_sitenote_active":false,"_monsterinsights_sitenote_note":"","_monsterinsights_sitenote_category":0,"footnotes":""},"class_list":["post-4849","page","type-page","status-publish","hentry"],"yoast_head":"<!-- This site is optimized with the Yoast SEO plugin v27.5 - https:\/\/yoast.com\/product\/yoast-seo-wordpress\/ -->\n<title>Pro Malmi - Helsinki-Malmi Airport<\/title>\n<meta name=\"robots\" content=\"index, follow, max-snippet:-1, max-image-preview:large, max-video-preview:-1\" \/>\n<link rel=\"canonical\" href=\"https:\/\/www.malmiairport.fi\/en\/pro-malmi\/\" \/>\n<meta property=\"og:locale\" content=\"en_US\" \/>\n<meta property=\"og:type\" content=\"article\" \/>\n<meta property=\"og:title\" content=\"Pro Malmi - Helsinki-Malmi Airport\" \/>\n<meta property=\"og:description\" content=\"With a Pro Malmi Certificate of Support you can show your support for keeping Malmi Airport in aviation use, cherishing its cultural history and developing its activites also in the future. Your purchase helps us keep up the public information campaign and legislative effort to save Malmi Airport. Please contact kauppa@malmiairport.fi! You can purchase a [&hellip;]\" \/>\n<meta property=\"og:url\" content=\"https:\/\/www.malmiairport.fi\/en\/pro-malmi\/\" \/>\n<meta property=\"og:site_name\" content=\"Helsinki-Malmi Airport\" \/>\n<meta property=\"article:publisher\" content=\"https:\/\/www.facebook.com\/groups\/18645317752\" \/>\n<meta property=\"article:modified_time\" content=\"2025-01-08T13:59:40+00:00\" \/>\n<meta name=\"twitter:card\" content=\"summary_large_image\" \/>\n<meta name=\"twitter:site\" content=\"@mly_ry\" \/>\n<meta name=\"twitter:label1\" content=\"Est. reading time\" \/>\n\t<meta name=\"twitter:data1\" content=\"1 minute\" \/>\n<script type=\"application\/ld+json\" class=\"yoast-schema-graph\">{\"@context\":\"https:\\\/\\\/schema.org\",\"@graph\":[{\"@type\":\"WebPage\",\"@id\":\"https:\\\/\\\/www.malmiairport.fi\\\/en\\\/pro-malmi\\\/\",\"url\":\"https:\\\/\\\/www.malmiairport.fi\\\/en\\\/pro-malmi\\\/\",\"name\":\"Pro Malmi - Helsinki-Malmi Airport\",\"isPartOf\":{\"@id\":\"https:\\\/\\\/www.malmiairport.fi\\\/en\\\/#website\"},\"datePublished\":\"2019-03-05T17:30:00+00:00\",\"dateModified\":\"2025-01-08T13:59:40+00:00\",\"breadcrumb\":{\"@id\":\"https:\\\/\\\/www.malmiairport.fi\\\/en\\\/pro-malmi\\\/#breadcrumb\"},\"inLanguage\":\"en-US\",\"potentialAction\":[{\"@type\":\"ReadAction\",\"target\":[\"https:\\\/\\\/www.malmiairport.fi\\\/en\\\/pro-malmi\\\/\"]}]},{\"@type\":\"BreadcrumbList\",\"@id\":\"https:\\\/\\\/www.malmiairport.fi\\\/en\\\/pro-malmi\\\/#breadcrumb\",\"itemListElement\":[{\"@type\":\"ListItem\",\"position\":1,\"name\":\"Etusivu\",\"item\":\"https:\\\/\\\/www.malmiairport.fi\\\/en\\\/\"},{\"@type\":\"ListItem\",\"position\":2,\"name\":\"Pro Malmi\"}]},{\"@type\":\"WebSite\",\"@id\":\"https:\\\/\\\/www.malmiairport.fi\\\/en\\\/#website\",\"url\":\"https:\\\/\\\/www.malmiairport.fi\\\/en\\\/\",\"name\":\"Helsinki-Malmi Airport\",\"description\":\"\",\"publisher\":{\"@id\":\"https:\\\/\\\/www.malmiairport.fi\\\/en\\\/#organization\"},\"potentialAction\":[{\"@type\":\"SearchAction\",\"target\":{\"@type\":\"EntryPoint\",\"urlTemplate\":\"https:\\\/\\\/www.malmiairport.fi\\\/en\\\/?s={search_term_string}\"},\"query-input\":{\"@type\":\"PropertyValueSpecification\",\"valueRequired\":true,\"valueName\":\"search_term_string\"}}],\"inLanguage\":\"en-US\"},{\"@type\":\"Organization\",\"@id\":\"https:\\\/\\\/www.malmiairport.fi\\\/en\\\/#organization\",\"name\":\"Helsinki-Malmi Airport\",\"url\":\"https:\\\/\\\/www.malmiairport.fi\\\/en\\\/\",\"logo\":{\"@type\":\"ImageObject\",\"inLanguage\":\"en-US\",\"@id\":\"https:\\\/\\\/www.malmiairport.fi\\\/en\\\/#\\\/schema\\\/logo\\\/image\\\/\",\"url\":\"https:\\\/\\\/www.malmiairport.fi\\\/wp-content\\\/uploads\\\/2023\\\/05\\\/cropped-transparent_150x150-1-2.png\",\"contentUrl\":\"https:\\\/\\\/www.malmiairport.fi\\\/wp-content\\\/uploads\\\/2023\\\/05\\\/cropped-transparent_150x150-1-2.png\",\"width\":150,\"height\":150,\"caption\":\"Helsinki-Malmi Airport\"},\"image\":{\"@id\":\"https:\\\/\\\/www.malmiairport.fi\\\/en\\\/#\\\/schema\\\/logo\\\/image\\\/\"},\"sameAs\":[\"https:\\\/\\\/www.facebook.com\\\/groups\\\/18645317752\",\"https:\\\/\\\/x.com\\\/mly_ry\"]}]}<\/script>\n<!-- \/ Yoast SEO plugin. -->","yoast_head_json":{"title":"Pro Malmi - Helsinki-Malmi Airport","robots":{"index":"index","follow":"follow","max-snippet":"max-snippet:-1","max-image-preview":"max-image-preview:large","max-video-preview":"max-video-preview:-1"},"canonical":"https:\/\/www.malmiairport.fi\/en\/pro-malmi\/","og_locale":"en_US","og_type":"article","og_title":"Pro Malmi - Helsinki-Malmi Airport","og_description":"With a Pro Malmi Certificate of Support you can show your support for keeping Malmi Airport in aviation use, cherishing its cultural history and developing its activites also in the future. Your purchase helps us keep up the public information campaign and legislative effort to save Malmi Airport. Please contact kauppa@malmiairport.fi! You can purchase a [&hellip;]","og_url":"https:\/\/www.malmiairport.fi\/en\/pro-malmi\/","og_site_name":"Helsinki-Malmi Airport","article_publisher":"https:\/\/www.facebook.com\/groups\/18645317752","article_modified_time":"2025-01-08T13:59:40+00:00","twitter_card":"summary_large_image","twitter_site":"@mly_ry","twitter_misc":{"Est. reading time":"1 minute"},"schema":{"@context":"https:\/\/schema.org","@graph":[{"@type":"WebPage","@id":"https:\/\/www.malmiairport.fi\/en\/pro-malmi\/","url":"https:\/\/www.malmiairport.fi\/en\/pro-malmi\/","name":"Pro Malmi - Helsinki-Malmi Airport","isPartOf":{"@id":"https:\/\/www.malmiairport.fi\/en\/#website"},"datePublished":"2019-03-05T17:30:00+00:00","dateModified":"2025-01-08T13:59:40+00:00","breadcrumb":{"@id":"https:\/\/www.malmiairport.fi\/en\/pro-malmi\/#breadcrumb"},"inLanguage":"en-US","potentialAction":[{"@type":"ReadAction","target":["https:\/\/www.malmiairport.fi\/en\/pro-malmi\/"]}]},{"@type":"BreadcrumbList","@id":"https:\/\/www.malmiairport.fi\/en\/pro-malmi\/#breadcrumb","itemListElement":[{"@type":"ListItem","position":1,"name":"Etusivu","item":"https:\/\/www.malmiairport.fi\/en\/"},{"@type":"ListItem","position":2,"name":"Pro Malmi"}]},{"@type":"WebSite","@id":"https:\/\/www.malmiairport.fi\/en\/#website","url":"https:\/\/www.malmiairport.fi\/en\/","name":"Helsinki-Malmi Airport","description":"","publisher":{"@id":"https:\/\/www.malmiairport.fi\/en\/#organization"},"potentialAction":[{"@type":"SearchAction","target":{"@type":"EntryPoint","urlTemplate":"https:\/\/www.malmiairport.fi\/en\/?s={search_term_string}"},"query-input":{"@type":"PropertyValueSpecification","valueRequired":true,"valueName":"search_term_string"}}],"inLanguage":"en-US"},{"@type":"Organization","@id":"https:\/\/www.malmiairport.fi\/en\/#organization","name":"Helsinki-Malmi Airport","url":"https:\/\/www.malmiairport.fi\/en\/","logo":{"@type":"ImageObject","inLanguage":"en-US","@id":"https:\/\/www.malmiairport.fi\/en\/#\/schema\/logo\/image\/","url":"https:\/\/www.malmiairport.fi\/wp-content\/uploads\/2023\/05\/cropped-transparent_150x150-1-2.png","contentUrl":"https:\/\/www.malmiairport.fi\/wp-content\/uploads\/2023\/05\/cropped-transparent_150x150-1-2.png","width":150,"height":150,"caption":"Helsinki-Malmi Airport"},"image":{"@id":"https:\/\/www.malmiairport.fi\/en\/#\/schema\/logo\/image\/"},"sameAs":["https:\/\/www.facebook.com\/groups\/18645317752","https:\/\/x.com\/mly_ry"]}]}},"_links":{"self":[{"href":"https:\/\/www.malmiairport.fi\/en\/wp-json\/wp\/v2\/pages\/4849","targetHints":{"allow":["GET"]}}],"collection":[{"href":"https:\/\/www.malmiairport.fi\/en\/wp-json\/wp\/v2\/pages"}],"about":[{"href":"https:\/\/www.malmiairport.fi\/en\/wp-json\/wp\/v2\/types\/page"}],"author":[{"embeddable":true,"href":"https:\/\/www.malmiairport.fi\/en\/wp-json\/wp\/v2\/users\/4"}],"replies":[{"embeddable":true,"href":"https:\/\/www.malmiairport.fi\/en\/wp-json\/wp\/v2\/comments?post=4849"}],"version-history":[{"count":1,"href":"https:\/\/www.malmiairport.fi\/en\/wp-json\/wp\/v2\/pages\/4849\/revisions"}],"predecessor-version":[{"id":10416,"href":"https:\/\/www.malmiairport.fi\/en\/wp-json\/wp\/v2\/pages\/4849\/revisions\/10416"}],"wp:attachment":[{"href":"https:\/\/www.malmiairport.fi\/en\/wp-json\/wp\/v2\/media?parent=4849"}],"curies":[{"name":"wp","href":"https:\/\/api.w.org\/{rel}","templated":true}]}}